{"id":2108,"date":"2021-04-18T14:38:58","date_gmt":"2021-04-18T11:38:58","guid":{"rendered":"https:\/\/ebrarteknoloji.com\/?page_id=2108"},"modified":"2021-04-18T15:36:36","modified_gmt":"2021-04-18T12:36:36","slug":"covid19","status":"publish","type":"page","link":"https:\/\/ebrarteknoloji.com\/index.php\/covid19\/","title":{"rendered":"Covid-19 ve \u00c7\u00f6z\u00fcmlerimiz"},"content":{"rendered":"<div data-colibri-id=\"2108-c1\" class=\"style-1304 style-local-2108-c1 position-relative\">\n  <!---->\n  <div data-colibri-component=\"section\" data-colibri-id=\"2108-c2\" id=\"about\" class=\"h-section h-section-global-spacing d-flex align-items-lg-center align-items-md-center align-items-center style-1305 style-local-2108-c2 position-relative\">\n    <!---->\n    <!---->\n    <div class=\"h-section-grid-container h-section-boxed-container\">\n      <!---->\n      <div data-colibri-id=\"2108-c3\" class=\"h-row-container gutters-row-lg-2 gutters-row-md-2 gutters-row-2 gutters-row-v-lg-2 gutters-row-v-md-2 gutters-row-v-2 style-1306 style-local-2108-c3 position-relative\">\n        <!---->\n        <div class=\"h-row justify-content-lg-center justify-content-md-center justify-content-center align-items-lg-stretch align-items-md-stretch align-items-stretch gutters-col-lg-2 gutters-col-md-2 gutters-col-2 gutters-col-v-lg-2 gutters-col-v-md-2 gutters-col-v-2\">\n          <!---->\n          <div class=\"h-column h-column-container d-flex h-col-lg-auto h-col-md-auto h-col-auto style-1307-outer style-local-2108-c4-outer\">\n            <div data-colibri-id=\"2108-c4\" class=\"d-flex h-flex-basis h-column__inner h-px-lg-2 h-px-md-2 h-px-2 v-inner-lg-2 v-inner-md-2 v-inner-2 style-1307 style-local-2108-c4 position-relative\">\n              <!---->\n              <!---->\n              <div class=\"w-100 h-y-container h-column__content h-column__v-align flex-basis-100 align-self-lg-center align-self-md-center align-self-center\">\n                <!---->\n                <div data-colibri-id=\"2108-c5\" class=\"h-global-transition-all h-heading style-1309 style-local-2108-c5 position-relative h-element\">\n                  <!---->\n                  <div class=\"h-heading__outer style-1309 style-local-2108-c5\">\n                    <!---->\n                    <!---->\n                    <h2 class=\"\"><em style=\"font-family: &quot;Playfair Display&quot;; color: rgb(3, 169, 244);\">temass\u0131z v\u00fccut s\u0131cakl\u0131\u011f\u0131 \u00f6l\u00e7\u00fcm\u00fc<\/em>&nbsp;<em style=\"font-family: &quot;Playfair Display&quot;; color: rgb(3, 169, 244);\">ve maske kontrol\u00fc<\/em><\/h2>\n                  <\/div>\n                <\/div>\n                <div data-colibri-id=\"2108-c6\" class=\"h-lead h-text h-text-component style-1310 style-local-2108-c6 position-relative h-element\">\n                  <!---->\n                  <!---->\n                  <div class=\"\">\n                    <h5><span style=\"font-weight: 400; font-size: 16px; font-family: &quot;Open Sans&quot;; color: rgb(70, 112, 127);\">Termal sistem y\u00fcz tan\u0131ma, maske kontrol\u00fc ve temass\u0131z v\u00fccut s\u0131cakl\u0131\u011f\u0131 \u00f6l\u00e7\u00fcmlerinin yan\u0131 s\u0131ra cinsiyet, ya\u015f, cilt rengi, sa\u00e7 rengi, sa\u00e7 uzunlu\u011fu, sakal, b\u0131y\u0131k ve g\u00f6zl\u00fck analizi yapabilir. Ayr\u0131ca insanlar\u0131n mutlu, ne\u015feli, \u00fczg\u00fcn, k\u0131zg\u0131n, kayg\u0131l\u0131 gibi ruh hallerini de tespit edebilir.<\/span>\n                      <br>\n                      <br>\n                      <br>\n                    <\/h5>\n                    <p>\n                      <br>\n                    <\/p>\n                  <\/div>\n                <\/div>\n                <div data-colibri-id=\"2108-c7\" class=\"h-x-container style-1311 style-local-2108-c7 position-relative h-element\">\n                  <!---->\n                  <div class=\"h-x-container-inner style-dynamic-2108-c7-group style-1311-spacing style-local-2108-c7-spacing\"><span class=\"h-button__outer style-1312-outer style-local-2108-c8-outer d-inline-flex h-element\"><a h-use-smooth-scroll=\"true\" href=\"https:\/\/ebrarteknoloji.com\/index.php\/bizeulasin\/\"  data-colibri-id=\"2108-c8\" class=\"d-flex w-100 align-items-center h-button justify-content-lg-center justify-content-md-center justify-content-center style-1312 style-local-2108-c8 position-relative\"><!----><!----> <span>bizimle ileti\u015fime ge\u00e7in<\/span><\/a>\n                    <\/span>\n                  <\/div>\n                <\/div>\n              <\/div>\n            <\/div>\n          <\/div>\n          <div class=\"h-column h-column-container d-flex h-col-lg-auto h-col-md-auto h-col-auto style-1313-outer style-local-2108-c9-outer\">\n            <div data-colibri-id=\"2108-c9\" class=\"d-flex h-flex-basis h-column__inner h-px-lg-2 h-px-md-2 h-px-2 v-inner-lg-2 v-inner-md-2 v-inner-2 style-1313 style-local-2108-c9 position-relative\">\n              <!---->\n              <!---->\n              <div class=\"w-100 h-y-container h-column__content h-column__v-align flex-basis-100 align-self-lg-center align-self-md-center align-self-center\">\n                <!---->\n                <div data-colibri-id=\"2108-c10\" class=\"d-block style-1314 style-local-2108-c10 position-relative h-element\">\n                  <!---->\n                  <div class=\"h-image__frame-container-outer\">\n                    <div class=\"h-image__frame-container\">\n                      <!---->\n                      <!---->\n                      <img decoding=\"async\" width=\"1350\" height=\"900\" src=\"https:\/\/ebrarteknoloji.com\/wp-content\/uploads\/2021\/04\/8.jpg\" class=\"wp-image-2122 style-1314-image style-local-2108-c10-image\" alt=\"\" srcset=\"https:\/\/ebrarteknoloji.com\/wp-content\/uploads\/2021\/04\/8.jpg 1350w, https:\/\/ebrarteknoloji.com\/wp-content\/uploads\/2021\/04\/8-300x200.jpg 300w, https:\/\/ebrarteknoloji.com\/wp-content\/uploads\/2021\/04\/8-1024x683.jpg 1024w, https:\/\/ebrarteknoloji.com\/wp-content\/uploads\/2021\/04\/8-768x512.jpg 768w\" sizes=\"(max-width: 1350px) 100vw, 1350px\" \/>\n                      <div class=\"h-image__frame h-hide-sm style-1314-frameImage style-local-2108-c10-frameImage\"><\/div>\n                    <\/div>\n                  <\/div>\n                <\/div>\n              <\/div>\n            <\/div>\n          <\/div>\n        <\/div>\n      <\/div>\n    <\/div>\n  <\/div>\n  <div data-colibri-component=\"section\" data-colibri-id=\"2108-c11\" id=\"content\" class=\"h-section h-section-global-spacing d-flex align-items-lg-center align-items-md-center align-items-center style-1315 style-local-2108-c11 position-relative\">\n    <!---->\n    <!---->\n    <div class=\"h-section-grid-container h-section-boxed-container\">\n      <div data-colibri-id=\"2108-c18\" class=\"h-row-container gutters-row-lg-2 gutters-row-md-2 gutters-row-2 gutters-row-v-lg-2 gutters-row-v-md-2 gutters-row-v-2 style-1319 style-local-2108-c18 position-relative\">\n        <!---->\n        <div class=\"h-row justify-content-lg-center justify-content-md-center justify-content-center align-items-lg-stretch align-items-md-stretch align-items-stretch gutters-col-lg-2 gutters-col-md-2 gutters-col-2 gutters-col-v-lg-2 gutters-col-v-md-2 gutters-col-v-2\">\n          <!---->\n          <div class=\"h-column h-column-container d-flex h-col-lg-auto h-col-md-auto h-col-auto style-1320-outer style-local-2108-c19-outer\">\n            <div data-colibri-id=\"2108-c19\" class=\"d-flex h-flex-basis h-column__inner h-px-lg-2 h-px-md-2 h-px-0 v-inner-lg-2 v-inner-md-2 v-inner-0 style-1320 style-local-2108-c19 position-relative\">\n              <!---->\n              <!---->\n              <div class=\"w-100 h-y-container h-column__content h-column__v-align flex-basis-100 align-self-lg-start align-self-md-start align-self-start\">\n                <!---->\n                <div data-colibri-id=\"2108-c20\" class=\"h-global-transition-all h-heading style-1321 style-local-2108-c20 position-relative h-element\">\n                  <!---->\n                  <div class=\"h-heading__outer style-1321 style-local-2108-c20\">\n                    <!---->\n                    <!---->\n                    <h2 class=\"\">Covid-19 ile sava\u015fmak i\u00e7in \u00f6zel olarak \u00fcretildi<\/h2>\n                  <\/div>\n                <\/div>\n                <div data-colibri-id=\"2108-c21\" class=\"h-text h-text-component style-1327 style-local-2108-c21 position-relative h-element\">\n                  <!---->\n                  <!---->\n                  <div class=\"\">\n                    <p>Covid 19 ile m\u00fccadelede, hava alanlar\u0131, tren ve metro istasyonlar\u0131 gibi kalabal\u0131k ortamlarda v\u00fccut \u0131s\u0131s\u0131n\u0131 h\u0131zla \u00f6l\u00e7ebilen ve maske kontrol\u00fc yapabilen sistemlere ihtiya\u00e7 vard\u0131r. Temass\u0131z olarak 4 metrelik mesafeden ayn\u0131 anda 5 ki\u015finin\n                      maske kontrol\u00fcn\u00fc ve v\u00fccut s\u0131cakl\u0131\u011f\u0131n\u0131 \u00f6l\u00e7ebilir.<\/p>\n                  <\/div>\n                <\/div>\n              <\/div>\n            <\/div>\n          <\/div>\n        <\/div>\n      <\/div>\n      <div data-colibri-id=\"2108-c12\" class=\"h-row-container gutters-row-lg-1 gutters-row-md-1 gutters-row-2 gutters-row-v-lg-1 gutters-row-v-md-1 gutters-row-v-1 style-1316 style-local-2108-c12 position-relative\">\n        <!---->\n        <div class=\"h-row justify-content-lg-center justify-content-md-center justify-content-center align-items-lg-stretch align-items-md-stretch align-items-stretch gutters-col-lg-1 gutters-col-md-1 gutters-col-2 gutters-col-v-lg-1 gutters-col-v-md-1 gutters-col-v-1\">\n          <!---->\n          <div class=\"h-column h-column-container d-flex h-col-lg-auto h-col-md-auto h-col-auto style-1317-outer style-local-2108-c13-outer\">\n            <div data-colibri-id=\"2108-c13\" class=\"d-flex h-flex-basis h-column__inner h-px-lg-0 h-px-md-0 h-px-0 v-inner-lg-0 v-inner-md-0 v-inner-0 style-1317 style-local-2108-c13 position-relative\">\n              <!---->\n              <!---->\n              <div class=\"w-100 h-y-container h-column__content h-column__v-align flex-basis-100 align-self-lg-start align-self-md-start align-self-start\">\n                <!---->\n                <div data-colibri-id=\"2108-c14\" class=\"d-block style-1318 style-local-2108-c14 position-relative h-element\">\n                  <!---->\n                  <div class=\"h-image__frame-container-outer\">\n                    <div class=\"h-image__frame-container\">\n                      <!---->\n                      <!---->\n                      <img decoding=\"async\" width=\"1350\" height=\"645\" src=\"https:\/\/ebrarteknoloji.com\/wp-content\/uploads\/2021\/04\/tcx35002.png\" class=\"wp-image-2121 style-1318-image style-local-2108-c14-image\" alt=\"\" srcset=\"https:\/\/ebrarteknoloji.com\/wp-content\/uploads\/2021\/04\/tcx35002.png 1350w, https:\/\/ebrarteknoloji.com\/wp-content\/uploads\/2021\/04\/tcx35002-300x143.png 300w, https:\/\/ebrarteknoloji.com\/wp-content\/uploads\/2021\/04\/tcx35002-1024x489.png 1024w, https:\/\/ebrarteknoloji.com\/wp-content\/uploads\/2021\/04\/tcx35002-768x367.png 768w\" sizes=\"(max-width: 1350px) 100vw, 1350px\" \/>\n                      <div class=\"h-image__frame style-1318-frameImage style-local-2108-c14-frameImage\"><\/div>\n                    <\/div>\n                  <\/div>\n                <\/div>\n              <\/div>\n            <\/div>\n          <\/div>\n        <\/div>\n      <\/div>\n      <div data-colibri-id=\"2108-c15\" class=\"h-row-container gutters-row-lg-2 gutters-row-md-2 gutters-row-0 gutters-row-v-lg-2 gutters-row-v-md-2 gutters-row-v-2 style-1323 style-local-2108-c15 position-relative\">\n        <!---->\n        <div class=\"h-row justify-content-lg-center justify-content-md-center justify-content-center align-items-lg-stretch align-items-md-stretch align-items-stretch gutters-col-lg-2 gutters-col-md-2 gutters-col-0 gutters-col-v-lg-2 gutters-col-v-md-2 gutters-col-v-2\">\n          <!---->\n          <div class=\"h-column h-column-container d-flex h-col-lg-auto h-col-md-auto h-col-auto style-1324-outer style-local-2108-c16-outer\">\n            <div data-colibri-id=\"2108-c16\" class=\"d-flex h-flex-basis h-column__inner h-px-lg-2 h-px-md-2 h-px-2 v-inner-lg-2 v-inner-md-2 v-inner-2 style-1324 style-local-2108-c16 position-relative\">\n              <!---->\n              <!---->\n              <div class=\"w-100 h-y-container h-column__content h-column__v-align flex-basis-100 align-self-lg-start align-self-md-start align-self-start\">\n                <!---->\n                <div data-colibri-id=\"2108-c17\" class=\"h-text h-text-component style-1326 style-local-2108-c17 position-relative h-element\">\n                  <!---->\n                  <!---->\n                  <div class=\"\">\n                    <p>\u00d6zel olarak tasarlanm\u0131\u015f 10&#8243; tablette anl\u0131k termal ve analog g\u00f6r\u00fcnt\u00fcleri birlikte g\u00f6r\u00fcnt\u00fcleyebilirsiniz.<\/p>\n                  <\/div>\n                <\/div>\n              <\/div>\n            <\/div>\n          <\/div>\n        <\/div>\n      <\/div>\n    <\/div>\n  <\/div>\n  <div data-colibri-component=\"section\" data-colibri-id=\"2108-c22\" id=\"about-2\" class=\"h-section h-section-global-spacing d-flex align-items-lg-center align-items-md-center align-items-center style-1328 style-local-2108-c22 position-relative\">\n    <!---->\n    <!---->\n    <div class=\"h-section-grid-container h-section-boxed-container\">\n      <!---->\n      <div data-colibri-id=\"2108-c23\" class=\"h-row-container gutters-row-lg-0 gutters-row-md-0 gutters-row-0 gutters-row-v-lg-0 gutters-row-v-md-0 gutters-row-v-0 style-1329 style-local-2108-c23 h-overflow-hidden position-relative\">\n        <!---->\n        <div class=\"h-row justify-content-lg-center justify-content-md-center justify-content-center align-items-lg-end align-items-md-end align-items-end gutters-col-lg-0 gutters-col-md-0 gutters-col-0 gutters-col-v-lg-0 gutters-col-v-md-0 gutters-col-v-0\">\n          <!---->\n          <div class=\"h-column h-column-container d-flex h-col-lg-auto h-col-md-auto h-col-auto align-self-lg-end align-self-md-end align-self-end style-1330-outer style-local-2108-c24-outer\">\n            <div data-colibri-id=\"2108-c24\" class=\"d-flex h-flex-basis h-column__inner h-ui-empty-state-container h-px-lg-0 h-px-md-0 h-px-0 v-inner-lg-0 v-inner-md-0 v-inner-0 style-1330 style-local-2108-c24 position-relative\">\n              <!---->\n              <!---->\n              <div class=\"w-100 h-y-container h-column__content h-column__v-align flex-basis-100\">\n                <!---->\n              <\/div>\n            <\/div>\n          <\/div>\n          <div class=\"h-column h-column-container d-flex h-col-lg-auto h-col-md-auto h-col-auto align-self-lg-end align-self-md-end align-self-end style-1331-outer style-local-2108-c25-outer\">\n            <div data-colibri-id=\"2108-c25\" class=\"d-flex h-flex-basis h-column__inner h-ui-empty-state-container h-px-lg-0 h-px-md-0 h-px-0 v-inner-lg-0 v-inner-md-0 v-inner-0 style-1331 style-local-2108-c25 position-relative\">\n              <!---->\n              <!---->\n              <div class=\"w-100 h-y-container h-column__content h-column__v-align flex-basis-100\">\n                <!---->\n              <\/div>\n            <\/div>\n          <\/div>\n          <div class=\"h-column h-column-container d-flex h-col-lg-auto h-col-md-auto h-col-auto align-self-lg-end align-self-md-end align-self-end style-1332-outer style-local-2108-c26-outer\">\n            <div data-colibri-id=\"2108-c26\" class=\"d-flex h-flex-basis h-column__inner h-ui-empty-state-container h-px-lg-0 h-px-md-0 h-px-0 v-inner-lg-0 v-inner-md-0 v-inner-0 style-1332 style-local-2108-c26 position-relative\">\n              <!---->\n              <!---->\n              <div class=\"w-100 h-y-container h-column__content h-column__v-align flex-basis-100\">\n                <!---->\n              <\/div>\n            <\/div>\n          <\/div>\n        <\/div>\n      <\/div>\n    <\/div>\n  <\/div>\n<\/div>","protected":false},"excerpt":{"rendered":"<p>temass\u0131z v\u00fccut s\u0131cakl\u0131\u011f\u0131 \u00f6l\u00e7\u00fcm\u00fc&nbsp;ve maske kontrol\u00fc Termal sistem y\u00fcz tan\u0131ma, maske kontrol\u00fc ve temass\u0131z v\u00fccut s\u0131cakl\u0131\u011f\u0131 \u00f6l\u00e7\u00fcmlerinin yan\u0131 s\u0131ra cinsiyet, ya\u015f, cilt rengi, sa\u00e7 rengi, sa\u00e7 uzunlu\u011fu, sakal, b\u0131y\u0131k ve g\u00f6zl\u00fck analizi yapabilir. Ayr\u0131ca insanlar\u0131n mutlu, ne\u015feli, \u00fczg\u00fcn, k\u0131zg\u0131n, kayg\u0131l\u0131 gibi ruh hallerini de tespit edebilir. bizimle ileti\u015fime ge\u00e7in Covid-19 ile sava\u015fmak i\u00e7in \u00f6zel olarak [&hellip;]<\/p>\n","protected":false},"author":1,"featured_media":0,"parent":0,"menu_order":0,"comment_status":"closed","ping_status":"closed","template":"page-templates\/full-width-page.php","meta":{"footnotes":""},"class_list":["post-2108","page","type-page","status-publish","hentry"],"yoast_head":"<!-- This site is optimized with the Yoast SEO plugin v24.6 - https:\/\/yoast.com\/wordpress\/plugins\/seo\/ -->\n<title>Covid-19 ve \u00c7\u00f6z\u00fcmlerimiz - Ebrar Bilgi Teknolojileri Ltd.<\/title>\n<meta name=\"robots\" content=\"index, follow, max-snippet:-1, max-image-preview:large, max-video-preview:-1\" \/>\n<link rel=\"canonical\" href=\"https:\/\/ebrarteknoloji.com\/index.php\/covid19\/\" \/>\n<meta property=\"og:locale\" content=\"tr_TR\" \/>\n<meta property=\"og:type\" content=\"article\" \/>\n<meta property=\"og:title\" content=\"Covid-19 ve \u00c7\u00f6z\u00fcmlerimiz - Ebrar Bilgi Teknolojileri Ltd.\" \/>\n<meta property=\"og:description\" content=\"temass\u0131z v\u00fccut s\u0131cakl\u0131\u011f\u0131 \u00f6l\u00e7\u00fcm\u00fc&nbsp;ve maske kontrol\u00fc Termal sistem y\u00fcz tan\u0131ma, maske kontrol\u00fc ve temass\u0131z v\u00fccut s\u0131cakl\u0131\u011f\u0131 \u00f6l\u00e7\u00fcmlerinin yan\u0131 s\u0131ra cinsiyet, ya\u015f, cilt rengi, sa\u00e7 rengi, sa\u00e7 uzunlu\u011fu, sakal, b\u0131y\u0131k ve g\u00f6zl\u00fck analizi yapabilir. Ayr\u0131ca insanlar\u0131n mutlu, ne\u015feli, \u00fczg\u00fcn, k\u0131zg\u0131n, kayg\u0131l\u0131 gibi ruh hallerini de tespit edebilir. bizimle ileti\u015fime ge\u00e7in Covid-19 ile sava\u015fmak i\u00e7in \u00f6zel olarak [&hellip;]\" \/>\n<meta property=\"og:url\" content=\"https:\/\/ebrarteknoloji.com\/index.php\/covid19\/\" \/>\n<meta property=\"og:site_name\" content=\"Ebrar Bilgi Teknolojileri Ltd.\" \/>\n<meta property=\"article:modified_time\" content=\"2021-04-18T12:36:36+00:00\" \/>\n<meta property=\"og:image\" content=\"https:\/\/ebrarteknoloji.com\/wp-content\/uploads\/2021\/04\/8.jpg\" \/>\n<meta name=\"twitter:card\" content=\"summary_large_image\" \/>\n<meta name=\"twitter:label1\" content=\"Tahmini okuma s\u00fcresi\" \/>\n\t<meta name=\"twitter:data1\" content=\"1 dakika\" \/>\n<script type=\"application\/ld+json\" class=\"yoast-schema-graph\">{\"@context\":\"https:\/\/schema.org\",\"@graph\":[{\"@type\":\"WebPage\",\"@id\":\"https:\/\/ebrarteknoloji.com\/index.php\/covid19\/\",\"url\":\"https:\/\/ebrarteknoloji.com\/index.php\/covid19\/\",\"name\":\"Covid-19 ve \u00c7\u00f6z\u00fcmlerimiz - Ebrar Bilgi Teknolojileri Ltd.\",\"isPartOf\":{\"@id\":\"https:\/\/ebrarteknoloji.com\/#website\"},\"primaryImageOfPage\":{\"@id\":\"https:\/\/ebrarteknoloji.com\/index.php\/covid19\/#primaryimage\"},\"image\":{\"@id\":\"https:\/\/ebrarteknoloji.com\/index.php\/covid19\/#primaryimage\"},\"thumbnailUrl\":\"https:\/\/ebrarteknoloji.com\/wp-content\/uploads\/2021\/04\/8.jpg\",\"datePublished\":\"2021-04-18T11:38:58+00:00\",\"dateModified\":\"2021-04-18T12:36:36+00:00\",\"breadcrumb\":{\"@id\":\"https:\/\/ebrarteknoloji.com\/index.php\/covid19\/#breadcrumb\"},\"inLanguage\":\"tr\",\"potentialAction\":[{\"@type\":\"ReadAction\",\"target\":[\"https:\/\/ebrarteknoloji.com\/index.php\/covid19\/\"]}]},{\"@type\":\"ImageObject\",\"inLanguage\":\"tr\",\"@id\":\"https:\/\/ebrarteknoloji.com\/index.php\/covid19\/#primaryimage\",\"url\":\"https:\/\/ebrarteknoloji.com\/wp-content\/uploads\/2021\/04\/8.jpg\",\"contentUrl\":\"https:\/\/ebrarteknoloji.com\/wp-content\/uploads\/2021\/04\/8.jpg\",\"width\":1350,\"height\":900},{\"@type\":\"BreadcrumbList\",\"@id\":\"https:\/\/ebrarteknoloji.com\/index.php\/covid19\/#breadcrumb\",\"itemListElement\":[{\"@type\":\"ListItem\",\"position\":1,\"name\":\"Anasayfa\",\"item\":\"https:\/\/ebrarteknoloji.com\/\"},{\"@type\":\"ListItem\",\"position\":2,\"name\":\"Covid-19 ve \u00c7\u00f6z\u00fcmlerimiz\"}]},{\"@type\":\"WebSite\",\"@id\":\"https:\/\/ebrarteknoloji.com\/#website\",\"url\":\"https:\/\/ebrarteknoloji.com\/\",\"name\":\"Ebrar Bilgi Teknolojileri Ltd.\",\"description\":\"Siber, Penetrasyon, Bili\u015fim, Yaz\u0131l\u0131m, G\u00fcvenlik, S\u0131zma, Sibel Kesti\",\"publisher\":{\"@id\":\"https:\/\/ebrarteknoloji.com\/#organization\"},\"potentialAction\":[{\"@type\":\"SearchAction\",\"target\":{\"@type\":\"EntryPoint\",\"urlTemplate\":\"https:\/\/ebrarteknoloji.com\/?s={search_term_string}\"},\"query-input\":{\"@type\":\"PropertyValueSpecification\",\"valueRequired\":true,\"valueName\":\"search_term_string\"}}],\"inLanguage\":\"tr\"},{\"@type\":\"Organization\",\"@id\":\"https:\/\/ebrarteknoloji.com\/#organization\",\"name\":\"Ebrar Bilgi Teknolojileri Ltd.\",\"url\":\"https:\/\/ebrarteknoloji.com\/\",\"logo\":{\"@type\":\"ImageObject\",\"inLanguage\":\"tr\",\"@id\":\"https:\/\/ebrarteknoloji.com\/#\/schema\/logo\/image\/\",\"url\":\"https:\/\/ebrarteknoloji.com\/wp-content\/uploads\/2021\/04\/ebrar_inApp_fwpng.fw_.png\",\"contentUrl\":\"https:\/\/ebrarteknoloji.com\/wp-content\/uploads\/2021\/04\/ebrar_inApp_fwpng.fw_.png\",\"width\":474,\"height\":52,\"caption\":\"Ebrar Bilgi Teknolojileri Ltd.\"},\"image\":{\"@id\":\"https:\/\/ebrarteknoloji.com\/#\/schema\/logo\/image\/\"}}]}<\/script>\n<!-- \/ Yoast SEO plugin. -->","yoast_head_json":{"title":"Covid-19 ve \u00c7\u00f6z\u00fcmlerimiz - Ebrar Bilgi Teknolojileri Ltd.","robots":{"index":"index","follow":"follow","max-snippet":"max-snippet:-1","max-image-preview":"max-image-preview:large","max-video-preview":"max-video-preview:-1"},"canonical":"https:\/\/ebrarteknoloji.com\/index.php\/covid19\/","og_locale":"tr_TR","og_type":"article","og_title":"Covid-19 ve \u00c7\u00f6z\u00fcmlerimiz - Ebrar Bilgi Teknolojileri Ltd.","og_description":"temass\u0131z v\u00fccut s\u0131cakl\u0131\u011f\u0131 \u00f6l\u00e7\u00fcm\u00fc&nbsp;ve maske kontrol\u00fc Termal sistem y\u00fcz tan\u0131ma, maske kontrol\u00fc ve temass\u0131z v\u00fccut s\u0131cakl\u0131\u011f\u0131 \u00f6l\u00e7\u00fcmlerinin yan\u0131 s\u0131ra cinsiyet, ya\u015f, cilt rengi, sa\u00e7 rengi, sa\u00e7 uzunlu\u011fu, sakal, b\u0131y\u0131k ve g\u00f6zl\u00fck analizi yapabilir. Ayr\u0131ca insanlar\u0131n mutlu, ne\u015feli, \u00fczg\u00fcn, k\u0131zg\u0131n, kayg\u0131l\u0131 gibi ruh hallerini de tespit edebilir. bizimle ileti\u015fime ge\u00e7in Covid-19 ile sava\u015fmak i\u00e7in \u00f6zel olarak [&hellip;]","og_url":"https:\/\/ebrarteknoloji.com\/index.php\/covid19\/","og_site_name":"Ebrar Bilgi Teknolojileri Ltd.","article_modified_time":"2021-04-18T12:36:36+00:00","og_image":[{"url":"https:\/\/ebrarteknoloji.com\/wp-content\/uploads\/2021\/04\/8.jpg","type":"","width":"","height":""}],"twitter_card":"summary_large_image","twitter_misc":{"Tahmini okuma s\u00fcresi":"1 dakika"},"schema":{"@context":"https:\/\/schema.org","@graph":[{"@type":"WebPage","@id":"https:\/\/ebrarteknoloji.com\/index.php\/covid19\/","url":"https:\/\/ebrarteknoloji.com\/index.php\/covid19\/","name":"Covid-19 ve \u00c7\u00f6z\u00fcmlerimiz - Ebrar Bilgi Teknolojileri Ltd.","isPartOf":{"@id":"https:\/\/ebrarteknoloji.com\/#website"},"primaryImageOfPage":{"@id":"https:\/\/ebrarteknoloji.com\/index.php\/covid19\/#primaryimage"},"image":{"@id":"https:\/\/ebrarteknoloji.com\/index.php\/covid19\/#primaryimage"},"thumbnailUrl":"https:\/\/ebrarteknoloji.com\/wp-content\/uploads\/2021\/04\/8.jpg","datePublished":"2021-04-18T11:38:58+00:00","dateModified":"2021-04-18T12:36:36+00:00","breadcrumb":{"@id":"https:\/\/ebrarteknoloji.com\/index.php\/covid19\/#breadcrumb"},"inLanguage":"tr","potentialAction":[{"@type":"ReadAction","target":["https:\/\/ebrarteknoloji.com\/index.php\/covid19\/"]}]},{"@type":"ImageObject","inLanguage":"tr","@id":"https:\/\/ebrarteknoloji.com\/index.php\/covid19\/#primaryimage","url":"https:\/\/ebrarteknoloji.com\/wp-content\/uploads\/2021\/04\/8.jpg","contentUrl":"https:\/\/ebrarteknoloji.com\/wp-content\/uploads\/2021\/04\/8.jpg","width":1350,"height":900},{"@type":"BreadcrumbList","@id":"https:\/\/ebrarteknoloji.com\/index.php\/covid19\/#breadcrumb","itemListElement":[{"@type":"ListItem","position":1,"name":"Anasayfa","item":"https:\/\/ebrarteknoloji.com\/"},{"@type":"ListItem","position":2,"name":"Covid-19 ve \u00c7\u00f6z\u00fcmlerimiz"}]},{"@type":"WebSite","@id":"https:\/\/ebrarteknoloji.com\/#website","url":"https:\/\/ebrarteknoloji.com\/","name":"Ebrar Bilgi Teknolojileri Ltd.","description":"Siber, Penetrasyon, Bili\u015fim, Yaz\u0131l\u0131m, G\u00fcvenlik, S\u0131zma, Sibel Kesti","publisher":{"@id":"https:\/\/ebrarteknoloji.com\/#organization"},"potentialAction":[{"@type":"SearchAction","target":{"@type":"EntryPoint","urlTemplate":"https:\/\/ebrarteknoloji.com\/?s={search_term_string}"},"query-input":{"@type":"PropertyValueSpecification","valueRequired":true,"valueName":"search_term_string"}}],"inLanguage":"tr"},{"@type":"Organization","@id":"https:\/\/ebrarteknoloji.com\/#organization","name":"Ebrar Bilgi Teknolojileri Ltd.","url":"https:\/\/ebrarteknoloji.com\/","logo":{"@type":"ImageObject","inLanguage":"tr","@id":"https:\/\/ebrarteknoloji.com\/#\/schema\/logo\/image\/","url":"https:\/\/ebrarteknoloji.com\/wp-content\/uploads\/2021\/04\/ebrar_inApp_fwpng.fw_.png","contentUrl":"https:\/\/ebrarteknoloji.com\/wp-content\/uploads\/2021\/04\/ebrar_inApp_fwpng.fw_.png","width":474,"height":52,"caption":"Ebrar Bilgi Teknolojileri Ltd."},"image":{"@id":"https:\/\/ebrarteknoloji.com\/#\/schema\/logo\/image\/"}}]}},"jetpack_sharing_enabled":true,"_links":{"self":[{"href":"https:\/\/ebrarteknoloji.com\/index.php\/wp-json\/wp\/v2\/pages\/2108","targetHints":{"allow":["GET"]}}],"collection":[{"href":"https:\/\/ebrarteknoloji.com\/index.php\/wp-json\/wp\/v2\/pages"}],"about":[{"href":"https:\/\/ebrarteknoloji.com\/index.php\/wp-json\/wp\/v2\/types\/page"}],"author":[{"embeddable":true,"href":"https:\/\/ebrarteknoloji.com\/index.php\/wp-json\/wp\/v2\/users\/1"}],"replies":[{"embeddable":true,"href":"https:\/\/ebrarteknoloji.com\/index.php\/wp-json\/wp\/v2\/comments?post=2108"}],"version-history":[{"count":5,"href":"https:\/\/ebrarteknoloji.com\/index.php\/wp-json\/wp\/v2\/pages\/2108\/revisions"}],"predecessor-version":[{"id":2162,"href":"https:\/\/ebrarteknoloji.com\/index.php\/wp-json\/wp\/v2\/pages\/2108\/revisions\/2162"}],"wp:attachment":[{"href":"https:\/\/ebrarteknoloji.com\/index.php\/wp-json\/wp\/v2\/media?parent=2108"}],"curies":[{"name":"wp","href":"https:\/\/api.w.org\/{rel}","templated":true}]}}