{"id":2644,"date":"2026-03-12T16:52:45","date_gmt":"2026-03-12T13:52:45","guid":{"rendered":"https:\/\/ebrarteknoloji.com\/index.php\/sepet\/"},"modified":"2026-03-12T17:17:07","modified_gmt":"2026-03-12T14:17:07","slug":"sepet","status":"publish","type":"page","link":"https:\/\/ebrarteknoloji.com\/index.php\/sepet\/","title":{"rendered":"Sepet"},"content":{"rendered":"\n<div data-block-name=\"woocommerce\/cart\" class=\"wp-block-woocommerce-cart alignwide is-loading\">\n<div data-block-name=\"woocommerce\/filled-cart-block\" class=\"wp-block-woocommerce-filled-cart-block\">\n<div data-block-name=\"woocommerce\/cart-items-block\" class=\"wp-block-woocommerce-cart-items-block\">\n<div data-block-name=\"woocommerce\/cart-line-items-block\" class=\"wp-block-woocommerce-cart-line-items-block\"><\/div>\n\n\n<\/div>\n\n\n\n\n<div data-block-name=\"woocommerce\/cart-totals-block\" class=\"wp-block-woocommerce-cart-totals-block\">\n<div data-block-name=\"woocommerce\/cart-order-summary-block\" class=\"wp-block-woocommerce-cart-order-summary-block\">\n<div data-block-name=\"woocommerce\/cart-order-summary-heading-block\" class=\"wp-block-woocommerce-cart-order-summary-heading-block\"><\/div><div data-block-name=\"woocommerce\/cart-order-summary-coupon-form-block\" class=\"wp-block-woocommerce-cart-order-summary-coupon-form-block\"><\/div><div data-block-name=\"woocommerce\/cart-order-summary-totals-block\" class=\"wp-block-woocommerce-cart-order-summary-totals-block\">\n<div data-block-name=\"woocommerce\/cart-order-summary-subtotal-block\" class=\"wp-block-woocommerce-cart-order-summary-subtotal-block\"><\/div>\n<div data-block-name=\"woocommerce\/cart-order-summary-discount-block\" class=\"wp-block-woocommerce-cart-order-summary-discount-block\"><\/div>\n<div data-block-name=\"woocommerce\/cart-order-summary-fee-block\" class=\"wp-block-woocommerce-cart-order-summary-fee-block\"><\/div>\n<div data-block-name=\"woocommerce\/cart-order-summary-shipping-block\" class=\"wp-block-woocommerce-cart-order-summary-shipping-block\"><\/div>\n<div data-block-name=\"woocommerce\/cart-order-summary-taxes-block\" class=\"wp-block-woocommerce-cart-order-summary-taxes-block\"><\/div><\/div>\n<\/div>\n\n\n\n<div data-block-name=\"woocommerce\/cart-express-payment-block\" class=\"wp-block-woocommerce-cart-express-payment-block\"><\/div>\n\n\n\n<div data-block-name=\"woocommerce\/proceed-to-checkout-block\" class=\"wp-block-woocommerce-proceed-to-checkout-block\"><\/div>\n\n\n\n<div data-block-name=\"woocommerce\/cart-accepted-payment-methods-block\" class=\"wp-block-woocommerce-cart-accepted-payment-methods-block\"><\/div>\n<\/div>\n<\/div>\n\n\n\n<div data-block-name=\"woocommerce\/empty-cart-block\" class=\"wp-block-woocommerce-empty-cart-block\">\n<h2 class=\"wp-block-heading has-text-align-center with-empty-cart-icon wc-block-cart__empty-cart__title\">Sepetiniz \u015fu anda bo\u015f!<\/h2>\n\n\n\n<hr class=\"wp-block-separator has-alpha-channel-opacity is-style-dots\"\/>\n\n\n\n<h2 class=\"wp-block-heading has-text-align-center\">Ma\u011fazada yeni<\/h2>\n\n\n<div data-block-name=\"woocommerce\/product-new\" data-columns=\"4\" data-rows=\"1\" class=\"wc-block-grid wp-block-product-new wp-block-woocommerce-product-new wc-block-product-new has-4-columns\"><ul class=\"wc-block-grid__products\"><li class=\"wc-block-grid__product\">\n\t\t\t\t<a href=\"https:\/\/ebrarteknoloji.com\/index.php\/urun\/smart-max-plug\/\" class=\"wc-block-grid__product-link\">\n\t\t\t\t\t<div class=\"wc-block-grid__product-onsale\">\n\t\t\t<span aria-hidden=\"true\">\u0130ndirim<\/span>\n\t\t\t<span class=\"screen-reader-text\">\u0130ndirimdeki \u00fcr\u00fcn<\/span>\n\t\t<\/div>\n\t\t\t\t\t<div class=\"wc-block-grid__product-image\"><img decoding=\"async\" width=\"300\" height=\"300\" src=\"https:\/\/ebrarteknoloji.com\/wp-content\/uploads\/2026\/03\/16-300x300.png\" class=\"attachment-woocommerce_thumbnail size-woocommerce_thumbnail\" alt=\"Smart Max Plug\" srcset=\"https:\/\/ebrarteknoloji.com\/wp-content\/uploads\/2026\/03\/16-300x300.png 300w, https:\/\/ebrarteknoloji.com\/wp-content\/uploads\/2026\/03\/16-150x150.png 150w, https:\/\/ebrarteknoloji.com\/wp-content\/uploads\/2026\/03\/16-100x100.png 100w, https:\/\/ebrarteknoloji.com\/wp-content\/uploads\/2026\/03\/16.png 320w\" sizes=\"(max-width: 300px) 100vw, 300px\" \/><\/div>\n\t\t\t\t\t<div class=\"wc-block-grid__product-title\">Smart Max Plug<\/div>\n\t\t\t\t<\/a>\n\t\t\t\t<div class=\"wc-block-grid__product-price price\"><del aria-hidden=\"true\"><span class=\"woocommerce-Price-amount amount\"><span class=\"woocommerce-Price-currencySymbol\">&#8378;<\/span>2.250,00<\/span><\/del> <span class=\"screen-reader-text\">Orijinal fiyat: &#8378;2.250,00.<\/span><ins aria-hidden=\"true\"><span class=\"woocommerce-Price-amount amount\"><span class=\"woocommerce-Price-currencySymbol\">&#8378;<\/span>2.150,00<\/span><\/ins><span class=\"screen-reader-text\">\u015eu andaki fiyat: &#8378;2.150,00.<\/span><\/div>\n\t\t\t\t\n\t\t\t\t<div class=\"wp-block-button wc-block-grid__product-add-to-cart\"><a href=\"\/index.php\/wp-json\/wp\/v2\/pages\/2644?add-to-cart=2650\" aria-label=\"Sepete ekle: \u201cSmart Max Plug\u201d\" data-quantity=\"1\" data-product_id=\"2650\" data-product_sku=\"MP0025458-1\" data-price=\"2150\" rel=\"nofollow\" class=\"wp-block-button__link  add_to_cart_button ajax_add_to_cart\">Sepete Ekle<\/a><\/div>\n\t\t\t<\/li><li class=\"wc-block-grid__product\">\n\t\t\t\t<a href=\"https:\/\/ebrarteknoloji.com\/index.php\/urun\/smart-mini-plug\/\" class=\"wc-block-grid__product-link\">\n\t\t\t\t\t<div class=\"wc-block-grid__product-onsale\">\n\t\t\t<span aria-hidden=\"true\">\u0130ndirim<\/span>\n\t\t\t<span class=\"screen-reader-text\">\u0130ndirimdeki \u00fcr\u00fcn<\/span>\n\t\t<\/div>\n\t\t\t\t\t<div class=\"wc-block-grid__product-image\"><img decoding=\"async\" width=\"300\" height=\"300\" src=\"https:\/\/ebrarteknoloji.com\/wp-content\/uploads\/woocommerce-placeholder.webp\" class=\"woocommerce-placeholder wp-post-image\" alt=\"\" srcset=\"https:\/\/ebrarteknoloji.com\/wp-content\/uploads\/woocommerce-placeholder.webp 1200w, https:\/\/ebrarteknoloji.com\/wp-content\/uploads\/woocommerce-placeholder-300x300.webp 300w, https:\/\/ebrarteknoloji.com\/wp-content\/uploads\/woocommerce-placeholder-1024x1024.webp 1024w, https:\/\/ebrarteknoloji.com\/wp-content\/uploads\/woocommerce-placeholder-150x150.webp 150w, https:\/\/ebrarteknoloji.com\/wp-content\/uploads\/woocommerce-placeholder-768x768.webp 768w\" sizes=\"(max-width: 300px) 100vw, 300px\" \/><\/div>\n\t\t\t\t\t<div class=\"wc-block-grid__product-title\">Smart Mini Plug<\/div>\n\t\t\t\t<\/a>\n\t\t\t\t<div class=\"wc-block-grid__product-price price\"><del aria-hidden=\"true\"><span class=\"woocommerce-Price-amount amount\"><span class=\"woocommerce-Price-currencySymbol\">&#8378;<\/span>950,00<\/span><\/del> <span class=\"screen-reader-text\">Orijinal fiyat: &#8378;950,00.<\/span><ins aria-hidden=\"true\"><span class=\"woocommerce-Price-amount amount\"><span class=\"woocommerce-Price-currencySymbol\">&#8378;<\/span>850,00<\/span><\/ins><span class=\"screen-reader-text\">\u015eu andaki fiyat: &#8378;850,00.<\/span><\/div>\n\t\t\t\t\n\t\t\t\t<div class=\"wp-block-button wc-block-grid__product-add-to-cart\"><a href=\"\/index.php\/wp-json\/wp\/v2\/pages\/2644?add-to-cart=2648\" aria-label=\"Sepete ekle: \u201cSmart Mini Plug\u201d\" data-quantity=\"1\" data-product_id=\"2648\" data-product_sku=\"MP0025458\" data-price=\"850\" rel=\"nofollow\" class=\"wp-block-button__link  add_to_cart_button ajax_add_to_cart\">Sepete Ekle<\/a><\/div>\n\t\t\t<\/li><\/ul><\/div><\/div>\n<\/div>\n","protected":false},"excerpt":{"rendered":"","protected":false},"author":1,"featured_media":0,"parent":0,"menu_order":0,"comment_status":"closed","ping_status":"closed","template":"","meta":{"footnotes":""},"class_list":["post-2644","page","type-page","status-publish","hentry"],"yoast_head":"<!-- This site is optimized with the Yoast SEO plugin v24.6 - https:\/\/yoast.com\/wordpress\/plugins\/seo\/ -->\n<title>Sepet - Ebrar Bilgi Teknolojileri Ltd.<\/title>\n<meta name=\"robots\" content=\"index, follow, max-snippet:-1, max-image-preview:large, max-video-preview:-1\" \/>\n<link rel=\"canonical\" href=\"https:\/\/ebrarteknoloji.com\/index.php\/sepet\/\" \/>\n<meta property=\"og:locale\" content=\"tr_TR\" \/>\n<meta property=\"og:type\" content=\"article\" \/>\n<meta property=\"og:title\" content=\"Sepet - Ebrar Bilgi Teknolojileri Ltd.\" \/>\n<meta property=\"og:url\" content=\"https:\/\/ebrarteknoloji.com\/index.php\/sepet\/\" \/>\n<meta property=\"og:site_name\" content=\"Ebrar Bilgi Teknolojileri Ltd.\" \/>\n<meta property=\"article:modified_time\" content=\"2026-03-12T14:17:07+00:00\" \/>\n<meta name=\"twitter:card\" content=\"summary_large_image\" \/>\n<script type=\"application\/ld+json\" class=\"yoast-schema-graph\">{\"@context\":\"https:\/\/schema.org\",\"@graph\":[{\"@type\":\"WebPage\",\"@id\":\"https:\/\/ebrarteknoloji.com\/index.php\/sepet\/\",\"url\":\"https:\/\/ebrarteknoloji.com\/index.php\/sepet\/\",\"name\":\"Sepet - Ebrar Bilgi Teknolojileri Ltd.\",\"isPartOf\":{\"@id\":\"https:\/\/ebrarteknoloji.com\/#website\"},\"datePublished\":\"2026-03-12T13:52:45+00:00\",\"dateModified\":\"2026-03-12T14:17:07+00:00\",\"breadcrumb\":{\"@id\":\"https:\/\/ebrarteknoloji.com\/index.php\/sepet\/#breadcrumb\"},\"inLanguage\":\"tr\",\"potentialAction\":[{\"@type\":\"ReadAction\",\"target\":[\"https:\/\/ebrarteknoloji.com\/index.php\/sepet\/\"]}]},{\"@type\":\"BreadcrumbList\",\"@id\":\"https:\/\/ebrarteknoloji.com\/index.php\/sepet\/#breadcrumb\",\"itemListElement\":[{\"@type\":\"ListItem\",\"position\":1,\"name\":\"Anasayfa\",\"item\":\"https:\/\/ebrarteknoloji.com\/\"},{\"@type\":\"ListItem\",\"position\":2,\"name\":\"Sepet\"}]},{\"@type\":\"WebSite\",\"@id\":\"https:\/\/ebrarteknoloji.com\/#website\",\"url\":\"https:\/\/ebrarteknoloji.com\/\",\"name\":\"Ebrar Bilgi Teknolojileri Ltd.\",\"description\":\"Siber, Penetrasyon, Bili\u015fim, Yaz\u0131l\u0131m, G\u00fcvenlik, S\u0131zma, Sibel Kesti\",\"publisher\":{\"@id\":\"https:\/\/ebrarteknoloji.com\/#organization\"},\"potentialAction\":[{\"@type\":\"SearchAction\",\"target\":{\"@type\":\"EntryPoint\",\"urlTemplate\":\"https:\/\/ebrarteknoloji.com\/?s={search_term_string}\"},\"query-input\":{\"@type\":\"PropertyValueSpecification\",\"valueRequired\":true,\"valueName\":\"search_term_string\"}}],\"inLanguage\":\"tr\"},{\"@type\":\"Organization\",\"@id\":\"https:\/\/ebrarteknoloji.com\/#organization\",\"name\":\"Ebrar Bilgi Teknolojileri Ltd.\",\"url\":\"https:\/\/ebrarteknoloji.com\/\",\"logo\":{\"@type\":\"ImageObject\",\"inLanguage\":\"tr\",\"@id\":\"https:\/\/ebrarteknoloji.com\/#\/schema\/logo\/image\/\",\"url\":\"https:\/\/ebrarteknoloji.com\/wp-content\/uploads\/2021\/04\/ebrar_inApp_fwpng.fw_.png\",\"contentUrl\":\"https:\/\/ebrarteknoloji.com\/wp-content\/uploads\/2021\/04\/ebrar_inApp_fwpng.fw_.png\",\"width\":474,\"height\":52,\"caption\":\"Ebrar Bilgi Teknolojileri Ltd.\"},\"image\":{\"@id\":\"https:\/\/ebrarteknoloji.com\/#\/schema\/logo\/image\/\"}}]}<\/script>\n<!-- \/ Yoast SEO plugin. -->","yoast_head_json":{"title":"Sepet - Ebrar Bilgi Teknolojileri Ltd.","robots":{"index":"index","follow":"follow","max-snippet":"max-snippet:-1","max-image-preview":"max-image-preview:large","max-video-preview":"max-video-preview:-1"},"canonical":"https:\/\/ebrarteknoloji.com\/index.php\/sepet\/","og_locale":"tr_TR","og_type":"article","og_title":"Sepet - Ebrar Bilgi Teknolojileri Ltd.","og_url":"https:\/\/ebrarteknoloji.com\/index.php\/sepet\/","og_site_name":"Ebrar Bilgi Teknolojileri Ltd.","article_modified_time":"2026-03-12T14:17:07+00:00","twitter_card":"summary_large_image","schema":{"@context":"https:\/\/schema.org","@graph":[{"@type":"WebPage","@id":"https:\/\/ebrarteknoloji.com\/index.php\/sepet\/","url":"https:\/\/ebrarteknoloji.com\/index.php\/sepet\/","name":"Sepet - Ebrar Bilgi Teknolojileri Ltd.","isPartOf":{"@id":"https:\/\/ebrarteknoloji.com\/#website"},"datePublished":"2026-03-12T13:52:45+00:00","dateModified":"2026-03-12T14:17:07+00:00","breadcrumb":{"@id":"https:\/\/ebrarteknoloji.com\/index.php\/sepet\/#breadcrumb"},"inLanguage":"tr","potentialAction":[{"@type":"ReadAction","target":["https:\/\/ebrarteknoloji.com\/index.php\/sepet\/"]}]},{"@type":"BreadcrumbList","@id":"https:\/\/ebrarteknoloji.com\/index.php\/sepet\/#breadcrumb","itemListElement":[{"@type":"ListItem","position":1,"name":"Anasayfa","item":"https:\/\/ebrarteknoloji.com\/"},{"@type":"ListItem","position":2,"name":"Sepet"}]},{"@type":"WebSite","@id":"https:\/\/ebrarteknoloji.com\/#website","url":"https:\/\/ebrarteknoloji.com\/","name":"Ebrar Bilgi Teknolojileri Ltd.","description":"Siber, Penetrasyon, Bili\u015fim, Yaz\u0131l\u0131m, G\u00fcvenlik, S\u0131zma, Sibel Kesti","publisher":{"@id":"https:\/\/ebrarteknoloji.com\/#organization"},"potentialAction":[{"@type":"SearchAction","target":{"@type":"EntryPoint","urlTemplate":"https:\/\/ebrarteknoloji.com\/?s={search_term_string}"},"query-input":{"@type":"PropertyValueSpecification","valueRequired":true,"valueName":"search_term_string"}}],"inLanguage":"tr"},{"@type":"Organization","@id":"https:\/\/ebrarteknoloji.com\/#organization","name":"Ebrar Bilgi Teknolojileri Ltd.","url":"https:\/\/ebrarteknoloji.com\/","logo":{"@type":"ImageObject","inLanguage":"tr","@id":"https:\/\/ebrarteknoloji.com\/#\/schema\/logo\/image\/","url":"https:\/\/ebrarteknoloji.com\/wp-content\/uploads\/2021\/04\/ebrar_inApp_fwpng.fw_.png","contentUrl":"https:\/\/ebrarteknoloji.com\/wp-content\/uploads\/2021\/04\/ebrar_inApp_fwpng.fw_.png","width":474,"height":52,"caption":"Ebrar Bilgi Teknolojileri Ltd."},"image":{"@id":"https:\/\/ebrarteknoloji.com\/#\/schema\/logo\/image\/"}}]}},"jetpack_sharing_enabled":true,"_links":{"self":[{"href":"https:\/\/ebrarteknoloji.com\/index.php\/wp-json\/wp\/v2\/pages\/2644","targetHints":{"allow":["GET"]}}],"collection":[{"href":"https:\/\/ebrarteknoloji.com\/index.php\/wp-json\/wp\/v2\/pages"}],"about":[{"href":"https:\/\/ebrarteknoloji.com\/index.php\/wp-json\/wp\/v2\/types\/page"}],"author":[{"embeddable":true,"href":"https:\/\/ebrarteknoloji.com\/index.php\/wp-json\/wp\/v2\/users\/1"}],"replies":[{"embeddable":true,"href":"https:\/\/ebrarteknoloji.com\/index.php\/wp-json\/wp\/v2\/comments?post=2644"}],"version-history":[{"count":1,"href":"https:\/\/ebrarteknoloji.com\/index.php\/wp-json\/wp\/v2\/pages\/2644\/revisions"}],"predecessor-version":[{"id":2652,"href":"https:\/\/ebrarteknoloji.com\/index.php\/wp-json\/wp\/v2\/pages\/2644\/revisions\/2652"}],"wp:attachment":[{"href":"https:\/\/ebrarteknoloji.com\/index.php\/wp-json\/wp\/v2\/media?parent=2644"}],"curies":[{"name":"wp","href":"https:\/\/api.w.org\/{rel}","templated":true}]}}