{"id":804,"date":"2021-04-14T12:50:04","date_gmt":"2021-04-14T09:50:04","guid":{"rendered":"https:\/\/ebrarteknoloji.com\/?page_id=804"},"modified":"2021-04-17T01:43:17","modified_gmt":"2021-04-16T22:43:17","slug":"cozum","status":"publish","type":"page","link":"https:\/\/ebrarteknoloji.com\/index.php\/cozum\/","title":{"rendered":"\u00c7\u00f6z\u00fcmler ve Yarat\u0131c\u0131l\u0131k"},"content":{"rendered":"<div data-colibri-id=\"804-c1\" class=\"style-923 style-local-804-c1 position-relative\">\n  <!---->\n  <div data-colibri-component=\"section\" data-colibri-id=\"804-c14\" id=\"custom\" class=\"h-section h-section-global-spacing d-flex align-items-lg-center align-items-md-center align-items-center style-936 style-local-804-c14 position-relative\">\n    <!---->\n    <!---->\n    <div class=\"h-section-grid-container h-section-boxed-container\">\n      <!---->\n      <div data-colibri-id=\"804-c15\" class=\"h-row-container gutters-row-lg-2 gutters-row-md-2 gutters-row-0 gutters-row-v-lg-2 gutters-row-v-md-2 gutters-row-v-2 style-937 style-local-804-c15 position-relative\">\n        <!---->\n        <div class=\"h-row justify-content-lg-center justify-content-md-center justify-content-center align-items-lg-stretch align-items-md-stretch align-items-stretch gutters-col-lg-2 gutters-col-md-2 gutters-col-0 gutters-col-v-lg-2 gutters-col-v-md-2 gutters-col-v-2\">\n          <!---->\n          <div class=\"h-column h-column-container d-flex h-col-lg-auto h-col-md-auto h-col-auto style-938-outer style-local-804-c16-outer\">\n            <div data-colibri-id=\"804-c16\" class=\"d-flex h-flex-basis h-column__inner h-px-lg-2 h-px-md-2 h-px-2 v-inner-lg-2 v-inner-md-2 v-inner-2 style-938 style-local-804-c16 position-relative\">\n              <!---->\n              <!---->\n              <div class=\"w-100 h-y-container h-column__content h-column__v-align flex-basis-100 align-self-lg-start align-self-md-start align-self-start\">\n                <!---->\n                <div data-colibri-id=\"804-c10\" class=\"h-global-transition-all h-heading style-932 style-local-804-c10 position-relative h-element\">\n                  <!---->\n                  <div class=\"h-heading__outer style-932 style-local-804-c10\">\n                    <!---->\n                    <!---->\n                    <h2 class=\"\"><em style=\"font-family: &quot;Playfair Display&quot;; color: rgb(3, 169, 244);\">&#8220;biz \u00e7\u00f6z\u00fcm \u00fcretiyoruz. \u00fcr\u00fcn ve yaz\u0131l\u0131mlar\u0131m\u0131z bu s\u00fcrecin ara\u00e7lar\u0131ndand\u0131r.&#8221;<\/em><\/h2>\n                  <\/div>\n                <\/div>\n              <\/div>\n            <\/div>\n          <\/div>\n        <\/div>\n      <\/div>\n    <\/div>\n  <\/div>\n  <div data-colibri-component=\"section\" data-colibri-id=\"804-c17\" id=\"custom-2\" class=\"h-section h-section-global-spacing d-flex align-items-lg-center align-items-md-center align-items-center style-939 style-local-804-c17 position-relative\">\n    <!---->\n    <!---->\n    <div class=\"h-section-grid-container h-section-boxed-container\">\n      <!---->\n      <div data-colibri-id=\"804-c18\" class=\"h-row-container gutters-row-lg-2 gutters-row-md-2 gutters-row-0 gutters-row-v-lg-2 gutters-row-v-md-2 gutters-row-v-2 style-940 style-local-804-c18 position-relative\">\n        <!---->\n        <div class=\"h-row justify-content-lg-center justify-content-md-center justify-content-center align-items-lg-stretch align-items-md-stretch align-items-stretch gutters-col-lg-2 gutters-col-md-2 gutters-col-0 gutters-col-v-lg-2 gutters-col-v-md-2 gutters-col-v-2\">\n          <!---->\n          <div class=\"h-column h-column-container d-flex h-col-lg-auto h-col-md-auto h-col-auto style-941-outer style-local-804-c19-outer\">\n            <div data-colibri-id=\"804-c19\" class=\"d-flex h-flex-basis h-column__inner h-ui-empty-state-container h-px-lg-2 h-px-md-2 h-px-2 v-inner-lg-2 v-inner-md-2 v-inner-2 style-941 style-local-804-c19 position-relative\">\n              <!---->\n              <!---->\n              <div class=\"w-100 h-y-container h-column__content h-column__v-align flex-basis-100\">\n                <!---->\n              <\/div>\n            <\/div>\n          <\/div>\n          <div class=\"h-column h-column-container d-flex h-col-lg-auto h-col-md-auto h-col-auto style-942-outer style-local-804-c20-outer\">\n            <div data-colibri-id=\"804-c20\" class=\"d-flex h-flex-basis h-column__inner h-px-lg-2 h-px-md-2 h-px-2 v-inner-lg-2 v-inner-md-2 v-inner-2 style-942 style-local-804-c20 position-relative\">\n              <!---->\n              <!---->\n              <div class=\"w-100 h-y-container h-column__content h-column__v-align flex-basis-100 align-self-lg-start align-self-md-start align-self-start\">\n                <!---->\n                <div data-colibri-id=\"804-c23\" class=\"h-text h-text-component style-945 style-local-804-c23 position-relative h-element\">\n                  <!---->\n                  <!---->\n                  <div class=\"\">\n                    <p>Bilgi Teknolojileri alan\u0131nda ;<\/p>\n                  <\/div>\n                <\/div>\n                <div data-colibri-id=\"804-c30\" class=\"h-global-transition-all h-heading style-952 style-local-804-c30 position-relative h-element\">\n                  <!---->\n                  <div class=\"h-heading__outer style-952 style-local-804-c30\">\n                    <!---->\n                    <!---->\n                    <h5 class=\"\">%100 Yerli Online-E\u011fitim ve Video Konferans \u00c7\u00f6z\u00fcmleri,\n                      <br>%100 Yerli G\u00fcvenlik Duvar\u0131 Donan\u0131m ve \u00c7\u00f6z\u00fcmleri,\n                      <br>%100 Yerli Hakedi\u015f ve Yakla\u015f\u0131k Maliyet \u00c7\u00f6z\u00fcmleri,\n                      <br>Sunucular ve \u0130\u015f istasyonlar\u0131,\n                      <br>Ta\u015f\u0131nabilir ve Masa\u00fcst\u00fc Bilgisayarlar,\n                      <br>A3, A4 Bask\u0131 Makinalar\u0131 ve Sarf Mazemeleri,\n                      <br>Kablolu ve Kablosuz A\u011f \u00c7\u00f6z\u00fcmleri,\n                      <br>Pos, Barkod ve Barkod Yaz\u0131c\u0131 \u00c7\u00f6z\u00fcmleri,\n                      <br>Yaz\u0131l\u0131m \u00dcr\u00fcnleri<\/h5>\n                  <\/div>\n                <\/div>\n                <div data-colibri-id=\"804-c25\" class=\"h-text h-text-component style-947 style-local-804-c25 position-relative h-element\">\n                  <!---->\n                  <!---->\n                  <div class=\"\">\n                    <p>\n                      <br>\n                    <\/p>\n                    <p>Biyometrik Teknolojiler alan\u0131nda ;<\/p>\n                  <\/div>\n                <\/div>\n                <div data-colibri-id=\"804-c31\" class=\"h-global-transition-all h-heading style-953 style-local-804-c31 position-relative h-element\">\n                  <!---->\n                  <div class=\"h-heading__outer style-953 style-local-804-c31\">\n                    <!---->\n                    <!---->\n                    <h5 class=\"\">Y\u00fcz tan\u0131ma teminalleri ve yaz\u0131l\u0131m \u00e7\u00f6z\u00fcmleri,\n                      <br>Parmak izi terminalleri ve yaz\u0131l\u0131m \u00e7\u00f6z\u00fcmleri,\n                      <br>\u0130ris tarama terminalleri ve yaz\u0131l\u0131m \u00e7\u00f6z\u00fcmleri,\n                      <br>El Biometrisi terminalleri ve yaz\u0131l\u0131m \u00e7\u00f6z\u00fcmleri<\/h5>\n                  <\/div>\n                <\/div>\n                <div data-colibri-id=\"804-c27\" class=\"h-text h-text-component style-949 style-local-804-c27 position-relative h-element\">\n                  <!---->\n                  <!---->\n                  <div class=\"\">\n                    <p>\n                      <br>\n                    <\/p>\n                    <p>Elektronik G\u00fcvenlik Teknolojileri alan\u0131nda<\/p>\n                  <\/div>\n                <\/div>\n                <div data-colibri-id=\"804-c32\" class=\"h-global-transition-all h-heading style-954 style-local-804-c32 position-relative h-element\">\n                  <!---->\n                  <div class=\"h-heading__outer style-954 style-local-804-c32\">\n                    <!---->\n                    <!---->\n                    <h5 class=\"\">Ceza \u0130nfaz Kurumlar\u0131, Kamu Kurumlar\u0131, Kurumsal Firmalar i\u00e7in; \u0130ris tarama, El Biometrisi, Y\u00fcz Tan\u0131ma, Kartl\u0131 Ge\u00e7i\u015f, Turnike Sistemleri, Ara\u00e7 Takip, Kamera Sistemi, \u00c7evre G\u00fcvenlik Sistemi, Yang\u0131n Alg\u0131lama, Telefon Kay\u0131t Sistemleri,\n                      Fiber ve Kablolu Alt Yap\u0131 ve Entegrasyon hizmetleri.\n                      <br>\n                    <\/h5>\n                  <\/div>\n                <\/div>\n                <div data-colibri-id=\"804-c33\" class=\"h-global-transition-all h-heading style-955 style-local-804-c33 position-relative h-element\">\n                  <!---->\n                  <div class=\"h-heading__outer style-955 style-local-804-c33\">\n                    <!---->\n                    <!---->\n                    <h5 class=\"\">\n                      <br>Bunlar\u0131n d\u0131\u015f\u0131nda \u00fcst d\u00fczey saha ve \u00fcr\u00fcn tecr\u00fcbesi ile her t\u00fcrl\u00fc projeleriniz i\u00e7in elektronik devre tasar\u0131m\u0131, yaz\u0131l\u0131m geli\u015ftirme ve entegrasyon \u00e7\u00f6z\u00fcmleri.<\/h5>\n                  <\/div>\n                <\/div>\n                <div data-colibri-id=\"804-c28\" class=\"h-text h-text-component style-950 style-local-804-c28 position-relative h-element\">\n                  <!---->\n                  <!---->\n                  <div class=\"\">\n                    <p>\n                      <br>\n                    <\/p>\n                    <p>L\u00fctfen projelerimiz hakk\u0131nda daha detayl\u0131 bilgi al\u0131n\u0131z.<\/p>\n                  <\/div>\n                <\/div>\n              <\/div>\n            <\/div>\n          <\/div>\n        <\/div>\n      <\/div>\n    <\/div>\n  <\/div>\n  <div data-colibri-component=\"section\" data-colibri-id=\"804-c49\" id=\"custom-3\" class=\"h-section h-section-global-spacing d-flex align-items-lg-center align-items-md-center align-items-center style-970 style-local-804-c49 position-relative\">\n    <!---->\n    <!---->\n    <div class=\"h-section-grid-container h-section-boxed-container\">\n      <!---->\n      <div data-colibri-id=\"804-c50\" class=\"h-row-container gutters-row-lg-2 gutters-row-md-2 gutters-row-0 gutters-row-v-lg-2 gutters-row-v-md-2 gutters-row-v-2 style-971 style-local-804-c50 position-relative\">\n        <!---->\n        <div class=\"h-row justify-content-lg-center justify-content-md-center justify-content-center align-items-lg-stretch align-items-md-stretch align-items-stretch gutters-col-lg-2 gutters-col-md-2 gutters-col-0 gutters-col-v-lg-2 gutters-col-v-md-2 gutters-col-v-2\">\n          <!---->\n          <div class=\"h-column h-column-container d-flex h-col-lg-auto h-col-md-auto h-col-auto style-972-outer style-local-804-c51-outer\">\n            <div data-colibri-id=\"804-c51\" class=\"d-flex h-flex-basis h-column__inner h-px-lg-2 h-px-md-2 h-px-2 v-inner-lg-2 v-inner-md-2 v-inner-2 style-972 style-local-804-c51 position-relative\">\n              <!---->\n              <!---->\n              <div class=\"w-100 h-y-container h-column__content h-column__v-align flex-basis-100 align-self-lg-start align-self-md-start align-self-start\">\n                <!---->\n                <div data-colibri-id=\"804-c48\" class=\"h-global-transition-all h-heading style-964 style-local-804-c48 position-relative h-element\">\n                  <!---->\n                  <div class=\"h-heading__outer style-964 style-local-804-c48\">\n                    <!---->\n                    <!---->\n                    <h2 class=\"\"><em style=\"color: rgb(3, 169, 244); font-family: &quot;Playfair Display&quot;;\">&#8220;muhte\u015femi bulmak i\u00e7in s\u0131radanl\u0131\u011f\u0131 yarat\u0131c\u0131l\u0131kla a\u015fabilirsiniz. yarat\u0131c\u0131 olmayan bir ekip sadece size masraf yarat\u0131r.&#8221;<\/em><\/h2>\n                  <\/div>\n                <\/div>\n              <\/div>\n            <\/div>\n          <\/div>\n        <\/div>\n      <\/div>\n    <\/div>\n  <\/div>\n  <div data-colibri-component=\"section\" data-colibri-id=\"804-c52\" id=\"custom-4\" class=\"h-section h-section-global-spacing d-flex align-items-lg-center align-items-md-center align-items-center style-973 style-local-804-c52 position-relative\">\n    <!---->\n    <!---->\n    <div class=\"h-section-grid-container h-section-boxed-container\">\n      <!---->\n      <div data-colibri-id=\"804-c53\" class=\"h-row-container gutters-row-lg-2 gutters-row-md-2 gutters-row-0 gutters-row-v-lg-2 gutters-row-v-md-2 gutters-row-v-2 style-974 style-local-804-c53 position-relative\">\n        <!---->\n        <div class=\"h-row justify-content-lg-center justify-content-md-center justify-content-center align-items-lg-stretch align-items-md-stretch align-items-stretch gutters-col-lg-2 gutters-col-md-2 gutters-col-0 gutters-col-v-lg-2 gutters-col-v-md-2 gutters-col-v-2\">\n          <!---->\n          <div class=\"h-column h-column-container d-flex h-col-lg-auto h-col-md-auto h-col-auto style-975-outer style-local-804-c54-outer\">\n            <div data-colibri-id=\"804-c54\" class=\"d-flex h-flex-basis h-column__inner h-px-lg-2 h-px-md-2 h-px-2 v-inner-lg-2 v-inner-md-2 v-inner-2 style-975 style-local-804-c54 position-relative\">\n              <!---->\n              <!---->\n              <div class=\"w-100 h-y-container h-column__content h-column__v-align flex-basis-100 align-self-lg-start align-self-md-start align-self-start\">\n                <!---->\n                <div data-colibri-id=\"804-c56\" class=\"h-global-transition-all h-heading style-977 style-local-804-c56 position-relative h-element\">\n                  <!---->\n                  <div class=\"h-heading__outer style-977 style-local-804-c56\">\n                    <!---->\n                    <!---->\n                    <h5 class=\"\">Ebrar Teknoloji s\u0131radanl\u0131\u011f\u0131 reddetmi\u015f \u00e7\u00f6z\u00fcm ve \u00f6nerileri ile i\u015f ve projelerinize farkl\u0131 bir deneyim getiriyor. Al\u0131\u015f\u0131la gelmi\u015f i\u015f ve yaz\u0131l\u0131m \u00e7\u00f6z\u00fcmlerinden uzak, ihtiyaca g\u00f6re \u015fekillendirilmi\u015f donan\u0131m, yaz\u0131l\u0131m birlikteli\u011fi ile sorunsuz,\n                      h\u0131zl\u0131 ve rahat eri\u015filebilir platformlar ile i\u015finize h\u0131z ve de\u011fer kat\u0131yor. Bunu sadece yarat\u0131c\u0131 bir ekip yapabilir. Ne bekliyorsunuz? \u0130Z BIRAKIN.<\/h5>\n                  <\/div>\n                <\/div>\n              <\/div>\n            <\/div>\n          <\/div>\n          <div class=\"h-column h-column-container d-flex h-col-lg-auto h-col-md-auto h-col-auto style-978-outer style-local-804-c57-outer\">\n            <div data-colibri-id=\"804-c57\" class=\"d-flex h-flex-basis h-column__inner h-ui-empty-state-container h-px-lg-2 h-px-md-2 h-px-2 v-inner-lg-2 v-inner-md-2 v-inner-2 style-978 style-local-804-c57 position-relative\">\n              <!---->\n              <!---->\n              <div class=\"w-100 h-y-container h-column__content h-column__v-align flex-basis-100\">\n                <!---->\n              <\/div>\n            <\/div>\n          <\/div>\n        <\/div>\n      <\/div>\n    <\/div>\n  <\/div>\n<\/div>","protected":false},"excerpt":{"rendered":"<p>&#8220;biz \u00e7\u00f6z\u00fcm \u00fcretiyoruz. \u00fcr\u00fcn ve yaz\u0131l\u0131mlar\u0131m\u0131z bu s\u00fcrecin ara\u00e7lar\u0131ndand\u0131r.&#8221; Bilgi Teknolojileri alan\u0131nda ; %100 Yerli Online-E\u011fitim ve Video Konferans \u00c7\u00f6z\u00fcmleri, %100 Yerli G\u00fcvenlik Duvar\u0131 Donan\u0131m ve \u00c7\u00f6z\u00fcmleri, %100 Yerli Hakedi\u015f ve Yakla\u015f\u0131k Maliyet \u00c7\u00f6z\u00fcmleri, Sunucular ve \u0130\u015f istasyonlar\u0131, Ta\u015f\u0131nabilir ve Masa\u00fcst\u00fc Bilgisayarlar, A3, A4 Bask\u0131 Makinalar\u0131 ve Sarf Mazemeleri, Kablolu ve Kablosuz A\u011f \u00c7\u00f6z\u00fcmleri, Pos, [&hellip;]<\/p>\n","protected":false},"author":1,"featured_media":0,"parent":0,"menu_order":0,"comment_status":"closed","ping_status":"closed","template":"page-templates\/full-width-page.php","meta":{"footnotes":""},"class_list":["post-804","page","type-page","status-publish","hentry"],"yoast_head":"<!-- This site is optimized with the Yoast SEO plugin v24.6 - https:\/\/yoast.com\/wordpress\/plugins\/seo\/ -->\n<title>\u00c7\u00f6z\u00fcmler ve Yarat\u0131c\u0131l\u0131k - Ebrar Bilgi Teknolojileri Ltd.<\/title>\n<meta name=\"robots\" content=\"index, follow, max-snippet:-1, max-image-preview:large, max-video-preview:-1\" \/>\n<link rel=\"canonical\" href=\"https:\/\/ebrarteknoloji.com\/index.php\/cozum\/\" \/>\n<meta property=\"og:locale\" content=\"tr_TR\" \/>\n<meta property=\"og:type\" content=\"article\" \/>\n<meta property=\"og:title\" content=\"\u00c7\u00f6z\u00fcmler ve Yarat\u0131c\u0131l\u0131k - Ebrar Bilgi Teknolojileri Ltd.\" \/>\n<meta property=\"og:description\" content=\"&#8220;biz \u00e7\u00f6z\u00fcm \u00fcretiyoruz. \u00fcr\u00fcn ve yaz\u0131l\u0131mlar\u0131m\u0131z bu s\u00fcrecin ara\u00e7lar\u0131ndand\u0131r.&#8221; Bilgi Teknolojileri alan\u0131nda ; %100 Yerli Online-E\u011fitim ve Video Konferans \u00c7\u00f6z\u00fcmleri, %100 Yerli G\u00fcvenlik Duvar\u0131 Donan\u0131m ve \u00c7\u00f6z\u00fcmleri, %100 Yerli Hakedi\u015f ve Yakla\u015f\u0131k Maliyet \u00c7\u00f6z\u00fcmleri, Sunucular ve \u0130\u015f istasyonlar\u0131, Ta\u015f\u0131nabilir ve Masa\u00fcst\u00fc Bilgisayarlar, A3, A4 Bask\u0131 Makinalar\u0131 ve Sarf Mazemeleri, Kablolu ve Kablosuz A\u011f \u00c7\u00f6z\u00fcmleri, Pos, [&hellip;]\" \/>\n<meta property=\"og:url\" content=\"https:\/\/ebrarteknoloji.com\/index.php\/cozum\/\" \/>\n<meta property=\"og:site_name\" content=\"Ebrar Bilgi Teknolojileri Ltd.\" \/>\n<meta property=\"article:modified_time\" content=\"2021-04-16T22:43:17+00:00\" \/>\n<meta name=\"twitter:card\" content=\"summary_large_image\" \/>\n<meta name=\"twitter:label1\" content=\"Tahmini okuma s\u00fcresi\" \/>\n\t<meta name=\"twitter:data1\" content=\"2 dakika\" \/>\n<script type=\"application\/ld+json\" class=\"yoast-schema-graph\">{\"@context\":\"https:\/\/schema.org\",\"@graph\":[{\"@type\":\"WebPage\",\"@id\":\"https:\/\/ebrarteknoloji.com\/index.php\/cozum\/\",\"url\":\"https:\/\/ebrarteknoloji.com\/index.php\/cozum\/\",\"name\":\"\u00c7\u00f6z\u00fcmler ve Yarat\u0131c\u0131l\u0131k - Ebrar Bilgi Teknolojileri Ltd.\",\"isPartOf\":{\"@id\":\"https:\/\/ebrarteknoloji.com\/#website\"},\"datePublished\":\"2021-04-14T09:50:04+00:00\",\"dateModified\":\"2021-04-16T22:43:17+00:00\",\"breadcrumb\":{\"@id\":\"https:\/\/ebrarteknoloji.com\/index.php\/cozum\/#breadcrumb\"},\"inLanguage\":\"tr\",\"potentialAction\":[{\"@type\":\"ReadAction\",\"target\":[\"https:\/\/ebrarteknoloji.com\/index.php\/cozum\/\"]}]},{\"@type\":\"BreadcrumbList\",\"@id\":\"https:\/\/ebrarteknoloji.com\/index.php\/cozum\/#breadcrumb\",\"itemListElement\":[{\"@type\":\"ListItem\",\"position\":1,\"name\":\"Anasayfa\",\"item\":\"https:\/\/ebrarteknoloji.com\/\"},{\"@type\":\"ListItem\",\"position\":2,\"name\":\"\u00c7\u00f6z\u00fcmler ve Yarat\u0131c\u0131l\u0131k\"}]},{\"@type\":\"WebSite\",\"@id\":\"https:\/\/ebrarteknoloji.com\/#website\",\"url\":\"https:\/\/ebrarteknoloji.com\/\",\"name\":\"Ebrar Bilgi Teknolojileri Ltd.\",\"description\":\"Siber, Penetrasyon, Bili\u015fim, Yaz\u0131l\u0131m, G\u00fcvenlik, S\u0131zma, Sibel Kesti\",\"publisher\":{\"@id\":\"https:\/\/ebrarteknoloji.com\/#organization\"},\"potentialAction\":[{\"@type\":\"SearchAction\",\"target\":{\"@type\":\"EntryPoint\",\"urlTemplate\":\"https:\/\/ebrarteknoloji.com\/?s={search_term_string}\"},\"query-input\":{\"@type\":\"PropertyValueSpecification\",\"valueRequired\":true,\"valueName\":\"search_term_string\"}}],\"inLanguage\":\"tr\"},{\"@type\":\"Organization\",\"@id\":\"https:\/\/ebrarteknoloji.com\/#organization\",\"name\":\"Ebrar Bilgi Teknolojileri Ltd.\",\"url\":\"https:\/\/ebrarteknoloji.com\/\",\"logo\":{\"@type\":\"ImageObject\",\"inLanguage\":\"tr\",\"@id\":\"https:\/\/ebrarteknoloji.com\/#\/schema\/logo\/image\/\",\"url\":\"https:\/\/ebrarteknoloji.com\/wp-content\/uploads\/2021\/04\/ebrar_inApp_fwpng.fw_.png\",\"contentUrl\":\"https:\/\/ebrarteknoloji.com\/wp-content\/uploads\/2021\/04\/ebrar_inApp_fwpng.fw_.png\",\"width\":474,\"height\":52,\"caption\":\"Ebrar Bilgi Teknolojileri Ltd.\"},\"image\":{\"@id\":\"https:\/\/ebrarteknoloji.com\/#\/schema\/logo\/image\/\"}}]}<\/script>\n<!-- \/ Yoast SEO plugin. -->","yoast_head_json":{"title":"\u00c7\u00f6z\u00fcmler ve Yarat\u0131c\u0131l\u0131k - Ebrar Bilgi Teknolojileri Ltd.","robots":{"index":"index","follow":"follow","max-snippet":"max-snippet:-1","max-image-preview":"max-image-preview:large","max-video-preview":"max-video-preview:-1"},"canonical":"https:\/\/ebrarteknoloji.com\/index.php\/cozum\/","og_locale":"tr_TR","og_type":"article","og_title":"\u00c7\u00f6z\u00fcmler ve Yarat\u0131c\u0131l\u0131k - Ebrar Bilgi Teknolojileri Ltd.","og_description":"&#8220;biz \u00e7\u00f6z\u00fcm \u00fcretiyoruz. \u00fcr\u00fcn ve yaz\u0131l\u0131mlar\u0131m\u0131z bu s\u00fcrecin ara\u00e7lar\u0131ndand\u0131r.&#8221; Bilgi Teknolojileri alan\u0131nda ; %100 Yerli Online-E\u011fitim ve Video Konferans \u00c7\u00f6z\u00fcmleri, %100 Yerli G\u00fcvenlik Duvar\u0131 Donan\u0131m ve \u00c7\u00f6z\u00fcmleri, %100 Yerli Hakedi\u015f ve Yakla\u015f\u0131k Maliyet \u00c7\u00f6z\u00fcmleri, Sunucular ve \u0130\u015f istasyonlar\u0131, Ta\u015f\u0131nabilir ve Masa\u00fcst\u00fc Bilgisayarlar, A3, A4 Bask\u0131 Makinalar\u0131 ve Sarf Mazemeleri, Kablolu ve Kablosuz A\u011f \u00c7\u00f6z\u00fcmleri, Pos, [&hellip;]","og_url":"https:\/\/ebrarteknoloji.com\/index.php\/cozum\/","og_site_name":"Ebrar Bilgi Teknolojileri Ltd.","article_modified_time":"2021-04-16T22:43:17+00:00","twitter_card":"summary_large_image","twitter_misc":{"Tahmini okuma s\u00fcresi":"2 dakika"},"schema":{"@context":"https:\/\/schema.org","@graph":[{"@type":"WebPage","@id":"https:\/\/ebrarteknoloji.com\/index.php\/cozum\/","url":"https:\/\/ebrarteknoloji.com\/index.php\/cozum\/","name":"\u00c7\u00f6z\u00fcmler ve Yarat\u0131c\u0131l\u0131k - Ebrar Bilgi Teknolojileri Ltd.","isPartOf":{"@id":"https:\/\/ebrarteknoloji.com\/#website"},"datePublished":"2021-04-14T09:50:04+00:00","dateModified":"2021-04-16T22:43:17+00:00","breadcrumb":{"@id":"https:\/\/ebrarteknoloji.com\/index.php\/cozum\/#breadcrumb"},"inLanguage":"tr","potentialAction":[{"@type":"ReadAction","target":["https:\/\/ebrarteknoloji.com\/index.php\/cozum\/"]}]},{"@type":"BreadcrumbList","@id":"https:\/\/ebrarteknoloji.com\/index.php\/cozum\/#breadcrumb","itemListElement":[{"@type":"ListItem","position":1,"name":"Anasayfa","item":"https:\/\/ebrarteknoloji.com\/"},{"@type":"ListItem","position":2,"name":"\u00c7\u00f6z\u00fcmler ve Yarat\u0131c\u0131l\u0131k"}]},{"@type":"WebSite","@id":"https:\/\/ebrarteknoloji.com\/#website","url":"https:\/\/ebrarteknoloji.com\/","name":"Ebrar Bilgi Teknolojileri Ltd.","description":"Siber, Penetrasyon, Bili\u015fim, Yaz\u0131l\u0131m, G\u00fcvenlik, S\u0131zma, Sibel Kesti","publisher":{"@id":"https:\/\/ebrarteknoloji.com\/#organization"},"potentialAction":[{"@type":"SearchAction","target":{"@type":"EntryPoint","urlTemplate":"https:\/\/ebrarteknoloji.com\/?s={search_term_string}"},"query-input":{"@type":"PropertyValueSpecification","valueRequired":true,"valueName":"search_term_string"}}],"inLanguage":"tr"},{"@type":"Organization","@id":"https:\/\/ebrarteknoloji.com\/#organization","name":"Ebrar Bilgi Teknolojileri Ltd.","url":"https:\/\/ebrarteknoloji.com\/","logo":{"@type":"ImageObject","inLanguage":"tr","@id":"https:\/\/ebrarteknoloji.com\/#\/schema\/logo\/image\/","url":"https:\/\/ebrarteknoloji.com\/wp-content\/uploads\/2021\/04\/ebrar_inApp_fwpng.fw_.png","contentUrl":"https:\/\/ebrarteknoloji.com\/wp-content\/uploads\/2021\/04\/ebrar_inApp_fwpng.fw_.png","width":474,"height":52,"caption":"Ebrar Bilgi Teknolojileri Ltd."},"image":{"@id":"https:\/\/ebrarteknoloji.com\/#\/schema\/logo\/image\/"}}]}},"jetpack_sharing_enabled":true,"_links":{"self":[{"href":"https:\/\/ebrarteknoloji.com\/index.php\/wp-json\/wp\/v2\/pages\/804","targetHints":{"allow":["GET"]}}],"collection":[{"href":"https:\/\/ebrarteknoloji.com\/index.php\/wp-json\/wp\/v2\/pages"}],"about":[{"href":"https:\/\/ebrarteknoloji.com\/index.php\/wp-json\/wp\/v2\/types\/page"}],"author":[{"embeddable":true,"href":"https:\/\/ebrarteknoloji.com\/index.php\/wp-json\/wp\/v2\/users\/1"}],"replies":[{"embeddable":true,"href":"https:\/\/ebrarteknoloji.com\/index.php\/wp-json\/wp\/v2\/comments?post=804"}],"version-history":[{"count":13,"href":"https:\/\/ebrarteknoloji.com\/index.php\/wp-json\/wp\/v2\/pages\/804\/revisions"}],"predecessor-version":[{"id":1758,"href":"https:\/\/ebrarteknoloji.com\/index.php\/wp-json\/wp\/v2\/pages\/804\/revisions\/1758"}],"wp:attachment":[{"href":"https:\/\/ebrarteknoloji.com\/index.php\/wp-json\/wp\/v2\/media?parent=804"}],"curies":[{"name":"wp","href":"https:\/\/api.w.org\/{rel}","templated":true}]}}