{"id":808,"date":"2021-04-14T12:50:04","date_gmt":"2021-04-14T09:50:04","guid":{"rendered":"https:\/\/ebrarteknoloji.com\/?page_id=808"},"modified":"2021-04-18T14:26:44","modified_gmt":"2021-04-18T11:26:44","slug":"cezaevi","status":"publish","type":"page","link":"https:\/\/ebrarteknoloji.com\/index.php\/cezaevi\/","title":{"rendered":"Cezaevi Proje ve \u00c7\u00f6z\u00fcmlerimiz"},"content":{"rendered":"<div data-colibri-id=\"808-c1\" class=\"style-1011 style-local-808-c1 position-relative\">\n  <!---->\n  <div data-colibri-component=\"section\" data-colibri-id=\"808-c16\" id=\"content\" class=\"h-section h-section-global-spacing d-flex align-items-lg-center align-items-md-center align-items-center style-1282 style-local-808-c16 position-relative\">\n    <!---->\n    <!---->\n    <div class=\"h-section-grid-container h-section-boxed-container\">\n      <div data-colibri-id=\"808-c20\" class=\"h-row-container gutters-row-lg-2 gutters-row-md-2 gutters-row-2 gutters-row-v-lg-2 gutters-row-v-md-2 gutters-row-v-2 style-1286 style-local-808-c20 position-relative\">\n        <!---->\n        <div class=\"h-row justify-content-lg-center justify-content-md-center justify-content-center align-items-lg-stretch align-items-md-stretch align-items-stretch gutters-col-lg-2 gutters-col-md-2 gutters-col-2 gutters-col-v-lg-2 gutters-col-v-md-2 gutters-col-v-2\">\n          <!---->\n          <div class=\"h-column h-column-container d-flex h-col-lg-auto h-col-md-auto h-col-auto style-1287-outer style-local-808-c21-outer\">\n            <div data-colibri-id=\"808-c21\" class=\"d-flex h-flex-basis h-column__inner h-px-lg-2 h-px-md-2 h-px-0 v-inner-lg-2 v-inner-md-2 v-inner-0 style-1287 style-local-808-c21 position-relative\">\n              <!---->\n              <!---->\n              <div class=\"w-100 h-y-container h-column__content h-column__v-align flex-basis-100 align-self-lg-start align-self-md-start align-self-start\">\n                <!---->\n                <div data-colibri-id=\"808-c32\" class=\"h-global-transition-all h-heading style-1298 style-local-808-c32 position-relative h-element\">\n                  <!---->\n                  <div class=\"h-heading__outer style-1298 style-local-808-c32\">\n                    <!---->\n                    <!---->\n                    <h2 class=\"\"><em style=\"font-family: &quot;Playfair Display&quot;; color: rgb(3, 169, 244);\">Cezaevi proje ve \u00e7\u00f6z\u00fcmleri i\u00e7in l\u00fctfen bizimle temasa ge\u00e7iniz<\/em><\/h2>\n                  <\/div>\n                <\/div>\n                <div data-colibri-id=\"808-c36\" class=\"h-x-container style-1302 style-local-808-c36 position-relative h-element\">\n                  <!---->\n                  <div class=\"h-x-container-inner style-dynamic-808-c36-group style-1302-spacing style-local-808-c36-spacing\"><span class=\"h-button__outer style-1303-outer style-local-808-c37-outer d-inline-flex h-element\"><a h-use-smooth-scroll=\"true\" href=\"https:\/\/ebrarteknoloji.com\/index.php\/bizeulasin\/\"  data-colibri-id=\"808-c37\" class=\"d-flex w-100 align-items-center h-button justify-content-lg-center justify-content-md-center justify-content-center style-1303 style-local-808-c37 position-relative\"><!----><!----> <span>ileti\u015fim formu<\/span><\/a>\n                    <\/span>\n                  <\/div>\n                <\/div>\n                <div data-colibri-id=\"808-c23\" class=\"h-lead h-text h-text-component style-1289 style-local-808-c23 position-relative h-element\">\n                  <!---->\n                  <!---->\n                  <div class=\"\">\n                    <p>cezaevleri gizlilik gerektiren \u00f6zel projelerdir. o nedenle detay payla\u015f\u0131lmam\u0131\u015ft\u0131r. L\u00fctfen ihtiya\u00e7lar\u0131n\u0131z i\u00e7in uzman ekiplerimizle temesa ge\u00e7iniz.<\/p>\n                  <\/div>\n                <\/div>\n              <\/div>\n            <\/div>\n          <\/div>\n        <\/div>\n      <\/div>\n      <div data-colibri-id=\"808-c17\" class=\"h-row-container gutters-row-lg-2 gutters-row-md-2 gutters-row-2 gutters-row-v-lg-2 gutters-row-v-md-2 gutters-row-v-2 style-1283 style-local-808-c17 position-relative\">\n        <!---->\n        <div class=\"h-row justify-content-lg-center justify-content-md-center justify-content-center align-items-lg-stretch align-items-md-stretch align-items-stretch gutters-col-lg-2 gutters-col-md-2 gutters-col-2 gutters-col-v-lg-2 gutters-col-v-md-2 gutters-col-v-2\">\n          <!---->\n          <div class=\"h-column h-column-container d-flex h-col-lg-auto h-col-md-auto h-col-auto style-1284-outer style-local-808-c18-outer\">\n            <div data-colibri-id=\"808-c18\" class=\"d-flex h-flex-basis h-column__inner h-px-lg-0 h-px-md-0 h-px-0 v-inner-lg-0 v-inner-md-0 v-inner-0 style-1284 style-local-808-c18 position-relative\">\n              <!---->\n              <!---->\n              <div class=\"w-100 h-y-container h-column__content h-column__v-align flex-basis-100 align-self-lg-start align-self-md-start align-self-start\">\n                <!---->\n                <div data-colibri-id=\"808-c19\" class=\"d-block style-1285 style-local-808-c19 position-relative h-element\">\n                  <!---->\n                  <div class=\"h-image__frame-container-outer\">\n                    <div class=\"h-image__frame-container\">\n                      <!---->\n                      <!---->\n                      <img decoding=\"async\" width=\"1508\" height=\"1700\" src=\"https:\/\/ebrarteknoloji.com\/wp-content\/uploads\/2021\/04\/cezaevisemaJ.jpg\" class=\"wp-image-2075 style-1285-image style-local-808-c19-image\" alt=\"\" srcset=\"https:\/\/ebrarteknoloji.com\/wp-content\/uploads\/2021\/04\/cezaevisemaJ.jpg 1508w, https:\/\/ebrarteknoloji.com\/wp-content\/uploads\/2021\/04\/cezaevisemaJ-266x300.jpg 266w, https:\/\/ebrarteknoloji.com\/wp-content\/uploads\/2021\/04\/cezaevisemaJ-908x1024.jpg 908w, https:\/\/ebrarteknoloji.com\/wp-content\/uploads\/2021\/04\/cezaevisemaJ-768x866.jpg 768w, https:\/\/ebrarteknoloji.com\/wp-content\/uploads\/2021\/04\/cezaevisemaJ-1363x1536.jpg 1363w\" sizes=\"(max-width: 1508px) 100vw, 1508px\" \/>\n                      <div class=\"h-image__frame h-image__frame_shadow style-1285-frameImage style-local-808-c19-frameImage\"><\/div>\n                    <\/div>\n                  <\/div>\n                <\/div>\n              <\/div>\n            <\/div>\n          <\/div>\n        <\/div>\n      <\/div>\n    <\/div>\n  <\/div>\n  <div data-colibri-component=\"section\" data-colibri-id=\"808-c24\" id=\"about\" class=\"h-section h-section-global-spacing d-flex align-items-lg-center align-items-md-center align-items-center style-1290 style-local-808-c24 position-relative\">\n    <!---->\n    <!---->\n    <div class=\"h-section-grid-container h-section-boxed-container\">\n      <div data-colibri-id=\"808-c29\" class=\"h-row-container gutters-row-lg-2 gutters-row-md-2 gutters-row-2 gutters-row-v-lg-2 gutters-row-v-md-2 gutters-row-v-2 style-1295 style-local-808-c29 position-relative\">\n        <!---->\n        <div class=\"h-row justify-content-lg-center justify-content-md-center justify-content-center align-items-lg-stretch align-items-md-stretch align-items-stretch gutters-col-lg-2 gutters-col-md-2 gutters-col-2 gutters-col-v-lg-2 gutters-col-v-md-2 gutters-col-v-2\">\n          <!---->\n          <div class=\"h-column h-column-container d-flex h-col-lg-auto h-col-md-auto h-col-auto style-1296-outer style-local-808-c30-outer\">\n            <div data-colibri-id=\"808-c30\" class=\"d-flex h-flex-basis h-column__inner h-px-lg-2 h-px-md-2 h-px-2 v-inner-lg-2 v-inner-md-2 v-inner-2 style-1296 style-local-808-c30 position-relative\">\n              <!---->\n              <!---->\n              <div class=\"w-100 h-y-container h-column__content h-column__v-align flex-basis-100 align-self-lg-start align-self-md-start align-self-start\">\n                <!---->\n                <div data-colibri-id=\"808-c33\" class=\"h-lead h-text h-text-component style-1299 style-local-808-c33 position-relative h-element\">\n                  <!---->\n                  <!---->\n                  <div class=\"\">\n                    <p>cezaevleri i\u00e7in yeni proje ve \u00fcr\u00fcnler \u00fcretmeye devam ediyoruz<\/p>\n                  <\/div>\n                <\/div>\n              <\/div>\n            <\/div>\n          <\/div>\n        <\/div>\n      <\/div>\n      <div data-colibri-id=\"808-c25\" class=\"h-row-container gutters-row-lg-0 gutters-row-md-0 gutters-row-0 gutters-row-v-lg-0 gutters-row-v-md-0 gutters-row-v-0 style-1291 style-local-808-c25 h-overflow-hidden position-relative\">\n        <!---->\n        <div class=\"h-row justify-content-lg-center justify-content-md-center justify-content-center align-items-lg-end align-items-md-end align-items-end gutters-col-lg-0 gutters-col-md-0 gutters-col-0 gutters-col-v-lg-0 gutters-col-v-md-0 gutters-col-v-0\">\n          <!---->\n          <div class=\"h-column h-column-container d-flex h-col-lg-auto h-col-md-auto h-col-auto align-self-lg-end align-self-md-end align-self-end style-1292-outer style-local-808-c26-outer\">\n            <div data-colibri-id=\"808-c26\" class=\"d-flex h-flex-basis h-column__inner h-ui-empty-state-container h-px-lg-0 h-px-md-0 h-px-0 v-inner-lg-0 v-inner-md-0 v-inner-0 style-1292 style-local-808-c26 position-relative\">\n              <!---->\n              <!---->\n              <div class=\"w-100 h-y-container h-column__content h-column__v-align flex-basis-100\">\n                <!---->\n              <\/div>\n            <\/div>\n          <\/div>\n          <div class=\"h-column h-column-container d-flex h-col-lg-auto h-col-md-auto h-col-auto align-self-lg-end align-self-md-end align-self-end style-1293-outer style-local-808-c27-outer\">\n            <div data-colibri-id=\"808-c27\" class=\"d-flex h-flex-basis h-column__inner h-ui-empty-state-container h-px-lg-0 h-px-md-0 h-px-0 v-inner-lg-0 v-inner-md-0 v-inner-0 style-1293 style-local-808-c27 position-relative\">\n              <!---->\n              <!---->\n              <div class=\"w-100 h-y-container h-column__content h-column__v-align flex-basis-100\">\n                <!---->\n              <\/div>\n            <\/div>\n          <\/div>\n          <div class=\"h-column h-column-container d-flex h-col-lg-auto h-col-md-auto h-col-auto align-self-lg-end align-self-md-end align-self-end style-1294-outer style-local-808-c28-outer\">\n            <div data-colibri-id=\"808-c28\" class=\"d-flex h-flex-basis h-column__inner h-ui-empty-state-container h-px-lg-0 h-px-md-0 h-px-0 v-inner-lg-0 v-inner-md-0 v-inner-0 style-1294 style-local-808-c28 position-relative\">\n              <!---->\n              <!---->\n              <div class=\"w-100 h-y-container h-column__content h-column__v-align flex-basis-100\">\n                <!---->\n              <\/div>\n            <\/div>\n          <\/div>\n        <\/div>\n      <\/div>\n    <\/div>\n  <\/div>\n<\/div>","protected":false},"excerpt":{"rendered":"<p>Cezaevi proje ve \u00e7\u00f6z\u00fcmleri i\u00e7in l\u00fctfen bizimle temasa ge\u00e7iniz ileti\u015fim formu cezaevleri gizlilik gerektiren \u00f6zel projelerdir. o nedenle detay payla\u015f\u0131lmam\u0131\u015ft\u0131r. L\u00fctfen ihtiya\u00e7lar\u0131n\u0131z i\u00e7in uzman ekiplerimizle temesa ge\u00e7iniz. cezaevleri i\u00e7in yeni proje ve \u00fcr\u00fcnler \u00fcretmeye devam ediyoruz<\/p>\n","protected":false},"author":1,"featured_media":0,"parent":0,"menu_order":0,"comment_status":"closed","ping_status":"closed","template":"page-templates\/full-width-page.php","meta":{"footnotes":""},"class_list":["post-808","page","type-page","status-publish","hentry"],"yoast_head":"<!-- This site is optimized with the Yoast SEO plugin v24.6 - https:\/\/yoast.com\/wordpress\/plugins\/seo\/ -->\n<title>Cezaevi Proje ve \u00c7\u00f6z\u00fcmlerimiz - Ebrar Bilgi Teknolojileri Ltd.<\/title>\n<meta name=\"robots\" content=\"index, follow, max-snippet:-1, max-image-preview:large, max-video-preview:-1\" \/>\n<link rel=\"canonical\" href=\"https:\/\/ebrarteknoloji.com\/index.php\/cezaevi\/\" \/>\n<meta property=\"og:locale\" content=\"tr_TR\" \/>\n<meta property=\"og:type\" content=\"article\" \/>\n<meta property=\"og:title\" content=\"Cezaevi Proje ve \u00c7\u00f6z\u00fcmlerimiz - Ebrar Bilgi Teknolojileri Ltd.\" \/>\n<meta property=\"og:description\" content=\"Cezaevi proje ve \u00e7\u00f6z\u00fcmleri i\u00e7in l\u00fctfen bizimle temasa ge\u00e7iniz ileti\u015fim formu cezaevleri gizlilik gerektiren \u00f6zel projelerdir. o nedenle detay payla\u015f\u0131lmam\u0131\u015ft\u0131r. L\u00fctfen ihtiya\u00e7lar\u0131n\u0131z i\u00e7in uzman ekiplerimizle temesa ge\u00e7iniz. cezaevleri i\u00e7in yeni proje ve \u00fcr\u00fcnler \u00fcretmeye devam ediyoruz\" \/>\n<meta property=\"og:url\" content=\"https:\/\/ebrarteknoloji.com\/index.php\/cezaevi\/\" \/>\n<meta property=\"og:site_name\" content=\"Ebrar Bilgi Teknolojileri Ltd.\" \/>\n<meta property=\"article:modified_time\" content=\"2021-04-18T11:26:44+00:00\" \/>\n<meta property=\"og:image\" content=\"https:\/\/ebrarteknoloji.com\/wp-content\/uploads\/2021\/04\/cezaevisemaJ.jpg\" \/>\n<meta name=\"twitter:card\" content=\"summary_large_image\" \/>\n<script type=\"application\/ld+json\" class=\"yoast-schema-graph\">{\"@context\":\"https:\/\/schema.org\",\"@graph\":[{\"@type\":\"WebPage\",\"@id\":\"https:\/\/ebrarteknoloji.com\/index.php\/cezaevi\/\",\"url\":\"https:\/\/ebrarteknoloji.com\/index.php\/cezaevi\/\",\"name\":\"Cezaevi Proje ve \u00c7\u00f6z\u00fcmlerimiz - Ebrar Bilgi Teknolojileri Ltd.\",\"isPartOf\":{\"@id\":\"https:\/\/ebrarteknoloji.com\/#website\"},\"primaryImageOfPage\":{\"@id\":\"https:\/\/ebrarteknoloji.com\/index.php\/cezaevi\/#primaryimage\"},\"image\":{\"@id\":\"https:\/\/ebrarteknoloji.com\/index.php\/cezaevi\/#primaryimage\"},\"thumbnailUrl\":\"https:\/\/ebrarteknoloji.com\/wp-content\/uploads\/2021\/04\/cezaevisemaJ.jpg\",\"datePublished\":\"2021-04-14T09:50:04+00:00\",\"dateModified\":\"2021-04-18T11:26:44+00:00\",\"breadcrumb\":{\"@id\":\"https:\/\/ebrarteknoloji.com\/index.php\/cezaevi\/#breadcrumb\"},\"inLanguage\":\"tr\",\"potentialAction\":[{\"@type\":\"ReadAction\",\"target\":[\"https:\/\/ebrarteknoloji.com\/index.php\/cezaevi\/\"]}]},{\"@type\":\"ImageObject\",\"inLanguage\":\"tr\",\"@id\":\"https:\/\/ebrarteknoloji.com\/index.php\/cezaevi\/#primaryimage\",\"url\":\"https:\/\/ebrarteknoloji.com\/wp-content\/uploads\/2021\/04\/cezaevisemaJ.jpg\",\"contentUrl\":\"https:\/\/ebrarteknoloji.com\/wp-content\/uploads\/2021\/04\/cezaevisemaJ.jpg\",\"width\":1508,\"height\":1700},{\"@type\":\"BreadcrumbList\",\"@id\":\"https:\/\/ebrarteknoloji.com\/index.php\/cezaevi\/#breadcrumb\",\"itemListElement\":[{\"@type\":\"ListItem\",\"position\":1,\"name\":\"Anasayfa\",\"item\":\"https:\/\/ebrarteknoloji.com\/\"},{\"@type\":\"ListItem\",\"position\":2,\"name\":\"Cezaevi Proje ve \u00c7\u00f6z\u00fcmlerimiz\"}]},{\"@type\":\"WebSite\",\"@id\":\"https:\/\/ebrarteknoloji.com\/#website\",\"url\":\"https:\/\/ebrarteknoloji.com\/\",\"name\":\"Ebrar Bilgi Teknolojileri Ltd.\",\"description\":\"Siber, Penetrasyon, Bili\u015fim, Yaz\u0131l\u0131m, G\u00fcvenlik, S\u0131zma, Sibel Kesti\",\"publisher\":{\"@id\":\"https:\/\/ebrarteknoloji.com\/#organization\"},\"potentialAction\":[{\"@type\":\"SearchAction\",\"target\":{\"@type\":\"EntryPoint\",\"urlTemplate\":\"https:\/\/ebrarteknoloji.com\/?s={search_term_string}\"},\"query-input\":{\"@type\":\"PropertyValueSpecification\",\"valueRequired\":true,\"valueName\":\"search_term_string\"}}],\"inLanguage\":\"tr\"},{\"@type\":\"Organization\",\"@id\":\"https:\/\/ebrarteknoloji.com\/#organization\",\"name\":\"Ebrar Bilgi Teknolojileri Ltd.\",\"url\":\"https:\/\/ebrarteknoloji.com\/\",\"logo\":{\"@type\":\"ImageObject\",\"inLanguage\":\"tr\",\"@id\":\"https:\/\/ebrarteknoloji.com\/#\/schema\/logo\/image\/\",\"url\":\"https:\/\/ebrarteknoloji.com\/wp-content\/uploads\/2021\/04\/ebrar_inApp_fwpng.fw_.png\",\"contentUrl\":\"https:\/\/ebrarteknoloji.com\/wp-content\/uploads\/2021\/04\/ebrar_inApp_fwpng.fw_.png\",\"width\":474,\"height\":52,\"caption\":\"Ebrar Bilgi Teknolojileri Ltd.\"},\"image\":{\"@id\":\"https:\/\/ebrarteknoloji.com\/#\/schema\/logo\/image\/\"}}]}<\/script>\n<!-- \/ Yoast SEO plugin. -->","yoast_head_json":{"title":"Cezaevi Proje ve \u00c7\u00f6z\u00fcmlerimiz - Ebrar Bilgi Teknolojileri Ltd.","robots":{"index":"index","follow":"follow","max-snippet":"max-snippet:-1","max-image-preview":"max-image-preview:large","max-video-preview":"max-video-preview:-1"},"canonical":"https:\/\/ebrarteknoloji.com\/index.php\/cezaevi\/","og_locale":"tr_TR","og_type":"article","og_title":"Cezaevi Proje ve \u00c7\u00f6z\u00fcmlerimiz - Ebrar Bilgi Teknolojileri Ltd.","og_description":"Cezaevi proje ve \u00e7\u00f6z\u00fcmleri i\u00e7in l\u00fctfen bizimle temasa ge\u00e7iniz ileti\u015fim formu cezaevleri gizlilik gerektiren \u00f6zel projelerdir. o nedenle detay payla\u015f\u0131lmam\u0131\u015ft\u0131r. L\u00fctfen ihtiya\u00e7lar\u0131n\u0131z i\u00e7in uzman ekiplerimizle temesa ge\u00e7iniz. cezaevleri i\u00e7in yeni proje ve \u00fcr\u00fcnler \u00fcretmeye devam ediyoruz","og_url":"https:\/\/ebrarteknoloji.com\/index.php\/cezaevi\/","og_site_name":"Ebrar Bilgi Teknolojileri Ltd.","article_modified_time":"2021-04-18T11:26:44+00:00","og_image":[{"url":"https:\/\/ebrarteknoloji.com\/wp-content\/uploads\/2021\/04\/cezaevisemaJ.jpg","type":"","width":"","height":""}],"twitter_card":"summary_large_image","schema":{"@context":"https:\/\/schema.org","@graph":[{"@type":"WebPage","@id":"https:\/\/ebrarteknoloji.com\/index.php\/cezaevi\/","url":"https:\/\/ebrarteknoloji.com\/index.php\/cezaevi\/","name":"Cezaevi Proje ve \u00c7\u00f6z\u00fcmlerimiz - Ebrar Bilgi Teknolojileri Ltd.","isPartOf":{"@id":"https:\/\/ebrarteknoloji.com\/#website"},"primaryImageOfPage":{"@id":"https:\/\/ebrarteknoloji.com\/index.php\/cezaevi\/#primaryimage"},"image":{"@id":"https:\/\/ebrarteknoloji.com\/index.php\/cezaevi\/#primaryimage"},"thumbnailUrl":"https:\/\/ebrarteknoloji.com\/wp-content\/uploads\/2021\/04\/cezaevisemaJ.jpg","datePublished":"2021-04-14T09:50:04+00:00","dateModified":"2021-04-18T11:26:44+00:00","breadcrumb":{"@id":"https:\/\/ebrarteknoloji.com\/index.php\/cezaevi\/#breadcrumb"},"inLanguage":"tr","potentialAction":[{"@type":"ReadAction","target":["https:\/\/ebrarteknoloji.com\/index.php\/cezaevi\/"]}]},{"@type":"ImageObject","inLanguage":"tr","@id":"https:\/\/ebrarteknoloji.com\/index.php\/cezaevi\/#primaryimage","url":"https:\/\/ebrarteknoloji.com\/wp-content\/uploads\/2021\/04\/cezaevisemaJ.jpg","contentUrl":"https:\/\/ebrarteknoloji.com\/wp-content\/uploads\/2021\/04\/cezaevisemaJ.jpg","width":1508,"height":1700},{"@type":"BreadcrumbList","@id":"https:\/\/ebrarteknoloji.com\/index.php\/cezaevi\/#breadcrumb","itemListElement":[{"@type":"ListItem","position":1,"name":"Anasayfa","item":"https:\/\/ebrarteknoloji.com\/"},{"@type":"ListItem","position":2,"name":"Cezaevi Proje ve \u00c7\u00f6z\u00fcmlerimiz"}]},{"@type":"WebSite","@id":"https:\/\/ebrarteknoloji.com\/#website","url":"https:\/\/ebrarteknoloji.com\/","name":"Ebrar Bilgi Teknolojileri Ltd.","description":"Siber, Penetrasyon, Bili\u015fim, Yaz\u0131l\u0131m, G\u00fcvenlik, S\u0131zma, Sibel Kesti","publisher":{"@id":"https:\/\/ebrarteknoloji.com\/#organization"},"potentialAction":[{"@type":"SearchAction","target":{"@type":"EntryPoint","urlTemplate":"https:\/\/ebrarteknoloji.com\/?s={search_term_string}"},"query-input":{"@type":"PropertyValueSpecification","valueRequired":true,"valueName":"search_term_string"}}],"inLanguage":"tr"},{"@type":"Organization","@id":"https:\/\/ebrarteknoloji.com\/#organization","name":"Ebrar Bilgi Teknolojileri Ltd.","url":"https:\/\/ebrarteknoloji.com\/","logo":{"@type":"ImageObject","inLanguage":"tr","@id":"https:\/\/ebrarteknoloji.com\/#\/schema\/logo\/image\/","url":"https:\/\/ebrarteknoloji.com\/wp-content\/uploads\/2021\/04\/ebrar_inApp_fwpng.fw_.png","contentUrl":"https:\/\/ebrarteknoloji.com\/wp-content\/uploads\/2021\/04\/ebrar_inApp_fwpng.fw_.png","width":474,"height":52,"caption":"Ebrar Bilgi Teknolojileri Ltd."},"image":{"@id":"https:\/\/ebrarteknoloji.com\/#\/schema\/logo\/image\/"}}]}},"jetpack_sharing_enabled":true,"_links":{"self":[{"href":"https:\/\/ebrarteknoloji.com\/index.php\/wp-json\/wp\/v2\/pages\/808","targetHints":{"allow":["GET"]}}],"collection":[{"href":"https:\/\/ebrarteknoloji.com\/index.php\/wp-json\/wp\/v2\/pages"}],"about":[{"href":"https:\/\/ebrarteknoloji.com\/index.php\/wp-json\/wp\/v2\/types\/page"}],"author":[{"embeddable":true,"href":"https:\/\/ebrarteknoloji.com\/index.php\/wp-json\/wp\/v2\/users\/1"}],"replies":[{"embeddable":true,"href":"https:\/\/ebrarteknoloji.com\/index.php\/wp-json\/wp\/v2\/comments?post=808"}],"version-history":[{"count":6,"href":"https:\/\/ebrarteknoloji.com\/index.php\/wp-json\/wp\/v2\/pages\/808\/revisions"}],"predecessor-version":[{"id":2101,"href":"https:\/\/ebrarteknoloji.com\/index.php\/wp-json\/wp\/v2\/pages\/808\/revisions\/2101"}],"wp:attachment":[{"href":"https:\/\/ebrarteknoloji.com\/index.php\/wp-json\/wp\/v2\/media?parent=808"}],"curies":[{"name":"wp","href":"https:\/\/api.w.org\/{rel}","templated":true}]}}