{"id":2650,"date":"2026-03-12T17:10:39","date_gmt":"2026-03-12T14:10:39","guid":{"rendered":"https:\/\/ebrarteknoloji.com\/?post_type=product&#038;p=2650"},"modified":"2026-03-12T17:13:30","modified_gmt":"2026-03-12T14:13:30","slug":"smart-max-plug","status":"publish","type":"product","link":"https:\/\/ebrarteknoloji.com\/index.php\/urun\/smart-max-plug\/","title":{"rendered":"Smart Max Plug"},"content":{"rendered":"<p>Ak\u0131ll\u0131 Priz<\/p>\n","protected":false},"excerpt":{"rendered":"<p>\u00dcr\u00fcn k\u0131sa tan\u0131m\u0131<\/p>\n","protected":false},"featured_media":2651,"comment_status":"open","ping_status":"closed","template":"","meta":[],"product_brand":[],"product_cat":[20],"product_tag":[],"class_list":{"0":"post-2650","1":"product","2":"type-product","3":"status-publish","4":"has-post-thumbnail","6":"product_cat-genel","8":"first","9":"instock","10":"sale","11":"shipping-taxable","12":"purchasable","13":"product-type-simple"},"yoast_head":"<!-- This site is optimized with the Yoast SEO plugin v24.6 - https:\/\/yoast.com\/wordpress\/plugins\/seo\/ -->\n<title>Smart Max Plug - Ebrar Bilgi Teknolojileri Ltd.<\/title>\n<meta name=\"robots\" content=\"index, follow, max-snippet:-1, max-image-preview:large, max-video-preview:-1\" \/>\n<link rel=\"canonical\" href=\"https:\/\/ebrarteknoloji.com\/index.php\/urun\/smart-max-plug\/\" \/>\n<meta property=\"og:locale\" content=\"tr_TR\" \/>\n<meta property=\"og:type\" content=\"article\" \/>\n<meta property=\"og:title\" content=\"Smart Max Plug - Ebrar Bilgi Teknolojileri Ltd.\" \/>\n<meta property=\"og:description\" content=\"\u00dcr\u00fcn k\u0131sa tan\u0131m\u0131\" \/>\n<meta property=\"og:url\" content=\"https:\/\/ebrarteknoloji.com\/index.php\/urun\/smart-max-plug\/\" \/>\n<meta property=\"og:site_name\" content=\"Ebrar Bilgi Teknolojileri Ltd.\" \/>\n<meta property=\"article:modified_time\" content=\"2026-03-12T14:13:30+00:00\" \/>\n<meta property=\"og:image\" content=\"https:\/\/ebrarteknoloji.com\/wp-content\/uploads\/2026\/03\/16.png\" \/>\n\t<meta property=\"og:image:width\" content=\"320\" \/>\n\t<meta property=\"og:image:height\" content=\"320\" \/>\n\t<meta property=\"og:image:type\" content=\"image\/png\" \/>\n<meta name=\"twitter:card\" content=\"summary_large_image\" \/>\n<meta name=\"twitter:label1\" content=\"Tahmini okuma s\u00fcresi\" \/>\n\t<meta name=\"twitter:data1\" content=\"1 dakika\" \/>\n<script type=\"application\/ld+json\" class=\"yoast-schema-graph\">{\"@context\":\"https:\/\/schema.org\",\"@graph\":[{\"@type\":\"WebPage\",\"@id\":\"https:\/\/ebrarteknoloji.com\/index.php\/urun\/smart-max-plug\/\",\"url\":\"https:\/\/ebrarteknoloji.com\/index.php\/urun\/smart-max-plug\/\",\"name\":\"Smart Max Plug - Ebrar Bilgi Teknolojileri Ltd.\",\"isPartOf\":{\"@id\":\"https:\/\/ebrarteknoloji.com\/#website\"},\"primaryImageOfPage\":{\"@id\":\"https:\/\/ebrarteknoloji.com\/index.php\/urun\/smart-max-plug\/#primaryimage\"},\"image\":{\"@id\":\"https:\/\/ebrarteknoloji.com\/index.php\/urun\/smart-max-plug\/#primaryimage\"},\"thumbnailUrl\":\"https:\/\/ebrarteknoloji.com\/wp-content\/uploads\/2026\/03\/16.png\",\"datePublished\":\"2026-03-12T14:10:39+00:00\",\"dateModified\":\"2026-03-12T14:13:30+00:00\",\"breadcrumb\":{\"@id\":\"https:\/\/ebrarteknoloji.com\/index.php\/urun\/smart-max-plug\/#breadcrumb\"},\"inLanguage\":\"tr\",\"potentialAction\":[{\"@type\":\"ReadAction\",\"target\":[\"https:\/\/ebrarteknoloji.com\/index.php\/urun\/smart-max-plug\/\"]}]},{\"@type\":\"ImageObject\",\"inLanguage\":\"tr\",\"@id\":\"https:\/\/ebrarteknoloji.com\/index.php\/urun\/smart-max-plug\/#primaryimage\",\"url\":\"https:\/\/ebrarteknoloji.com\/wp-content\/uploads\/2026\/03\/16.png\",\"contentUrl\":\"https:\/\/ebrarteknoloji.com\/wp-content\/uploads\/2026\/03\/16.png\",\"width\":320,\"height\":320},{\"@type\":\"BreadcrumbList\",\"@id\":\"https:\/\/ebrarteknoloji.com\/index.php\/urun\/smart-max-plug\/#breadcrumb\",\"itemListElement\":[{\"@type\":\"ListItem\",\"position\":1,\"name\":\"Anasayfa\",\"item\":\"https:\/\/ebrarteknoloji.com\/\"},{\"@type\":\"ListItem\",\"position\":2,\"name\":\"Ma\u011faza\",\"item\":\"https:\/\/ebrarteknoloji.com\/index.php\/magaza\/\"},{\"@type\":\"ListItem\",\"position\":3,\"name\":\"Smart Max Plug\"}]},{\"@type\":\"WebSite\",\"@id\":\"https:\/\/ebrarteknoloji.com\/#website\",\"url\":\"https:\/\/ebrarteknoloji.com\/\",\"name\":\"Ebrar Bilgi Teknolojileri Ltd.\",\"description\":\"Siber, Penetrasyon, Bili\u015fim, Yaz\u0131l\u0131m, G\u00fcvenlik, S\u0131zma, Sibel Kesti\",\"publisher\":{\"@id\":\"https:\/\/ebrarteknoloji.com\/#organization\"},\"potentialAction\":[{\"@type\":\"SearchAction\",\"target\":{\"@type\":\"EntryPoint\",\"urlTemplate\":\"https:\/\/ebrarteknoloji.com\/?s={search_term_string}\"},\"query-input\":{\"@type\":\"PropertyValueSpecification\",\"valueRequired\":true,\"valueName\":\"search_term_string\"}}],\"inLanguage\":\"tr\"},{\"@type\":\"Organization\",\"@id\":\"https:\/\/ebrarteknoloji.com\/#organization\",\"name\":\"Ebrar Bilgi Teknolojileri Ltd.\",\"url\":\"https:\/\/ebrarteknoloji.com\/\",\"logo\":{\"@type\":\"ImageObject\",\"inLanguage\":\"tr\",\"@id\":\"https:\/\/ebrarteknoloji.com\/#\/schema\/logo\/image\/\",\"url\":\"https:\/\/ebrarteknoloji.com\/wp-content\/uploads\/2021\/04\/ebrar_inApp_fwpng.fw_.png\",\"contentUrl\":\"https:\/\/ebrarteknoloji.com\/wp-content\/uploads\/2021\/04\/ebrar_inApp_fwpng.fw_.png\",\"width\":474,\"height\":52,\"caption\":\"Ebrar Bilgi Teknolojileri Ltd.\"},\"image\":{\"@id\":\"https:\/\/ebrarteknoloji.com\/#\/schema\/logo\/image\/\"}}]}<\/script>\n<!-- \/ Yoast SEO plugin. -->","yoast_head_json":{"title":"Smart Max Plug - Ebrar Bilgi Teknolojileri Ltd.","robots":{"index":"index","follow":"follow","max-snippet":"max-snippet:-1","max-image-preview":"max-image-preview:large","max-video-preview":"max-video-preview:-1"},"canonical":"https:\/\/ebrarteknoloji.com\/index.php\/urun\/smart-max-plug\/","og_locale":"tr_TR","og_type":"article","og_title":"Smart Max Plug - Ebrar Bilgi Teknolojileri Ltd.","og_description":"\u00dcr\u00fcn k\u0131sa tan\u0131m\u0131","og_url":"https:\/\/ebrarteknoloji.com\/index.php\/urun\/smart-max-plug\/","og_site_name":"Ebrar Bilgi Teknolojileri Ltd.","article_modified_time":"2026-03-12T14:13:30+00:00","og_image":[{"width":320,"height":320,"url":"https:\/\/ebrarteknoloji.com\/wp-content\/uploads\/2026\/03\/16.png","type":"image\/png"}],"twitter_card":"summary_large_image","twitter_misc":{"Tahmini okuma s\u00fcresi":"1 dakika"},"schema":{"@context":"https:\/\/schema.org","@graph":[{"@type":"WebPage","@id":"https:\/\/ebrarteknoloji.com\/index.php\/urun\/smart-max-plug\/","url":"https:\/\/ebrarteknoloji.com\/index.php\/urun\/smart-max-plug\/","name":"Smart Max Plug - Ebrar Bilgi Teknolojileri Ltd.","isPartOf":{"@id":"https:\/\/ebrarteknoloji.com\/#website"},"primaryImageOfPage":{"@id":"https:\/\/ebrarteknoloji.com\/index.php\/urun\/smart-max-plug\/#primaryimage"},"image":{"@id":"https:\/\/ebrarteknoloji.com\/index.php\/urun\/smart-max-plug\/#primaryimage"},"thumbnailUrl":"https:\/\/ebrarteknoloji.com\/wp-content\/uploads\/2026\/03\/16.png","datePublished":"2026-03-12T14:10:39+00:00","dateModified":"2026-03-12T14:13:30+00:00","breadcrumb":{"@id":"https:\/\/ebrarteknoloji.com\/index.php\/urun\/smart-max-plug\/#breadcrumb"},"inLanguage":"tr","potentialAction":[{"@type":"ReadAction","target":["https:\/\/ebrarteknoloji.com\/index.php\/urun\/smart-max-plug\/"]}]},{"@type":"ImageObject","inLanguage":"tr","@id":"https:\/\/ebrarteknoloji.com\/index.php\/urun\/smart-max-plug\/#primaryimage","url":"https:\/\/ebrarteknoloji.com\/wp-content\/uploads\/2026\/03\/16.png","contentUrl":"https:\/\/ebrarteknoloji.com\/wp-content\/uploads\/2026\/03\/16.png","width":320,"height":320},{"@type":"BreadcrumbList","@id":"https:\/\/ebrarteknoloji.com\/index.php\/urun\/smart-max-plug\/#breadcrumb","itemListElement":[{"@type":"ListItem","position":1,"name":"Anasayfa","item":"https:\/\/ebrarteknoloji.com\/"},{"@type":"ListItem","position":2,"name":"Ma\u011faza","item":"https:\/\/ebrarteknoloji.com\/index.php\/magaza\/"},{"@type":"ListItem","position":3,"name":"Smart Max Plug"}]},{"@type":"WebSite","@id":"https:\/\/ebrarteknoloji.com\/#website","url":"https:\/\/ebrarteknoloji.com\/","name":"Ebrar Bilgi Teknolojileri Ltd.","description":"Siber, Penetrasyon, Bili\u015fim, Yaz\u0131l\u0131m, G\u00fcvenlik, S\u0131zma, Sibel Kesti","publisher":{"@id":"https:\/\/ebrarteknoloji.com\/#organization"},"potentialAction":[{"@type":"SearchAction","target":{"@type":"EntryPoint","urlTemplate":"https:\/\/ebrarteknoloji.com\/?s={search_term_string}"},"query-input":{"@type":"PropertyValueSpecification","valueRequired":true,"valueName":"search_term_string"}}],"inLanguage":"tr"},{"@type":"Organization","@id":"https:\/\/ebrarteknoloji.com\/#organization","name":"Ebrar Bilgi Teknolojileri Ltd.","url":"https:\/\/ebrarteknoloji.com\/","logo":{"@type":"ImageObject","inLanguage":"tr","@id":"https:\/\/ebrarteknoloji.com\/#\/schema\/logo\/image\/","url":"https:\/\/ebrarteknoloji.com\/wp-content\/uploads\/2021\/04\/ebrar_inApp_fwpng.fw_.png","contentUrl":"https:\/\/ebrarteknoloji.com\/wp-content\/uploads\/2021\/04\/ebrar_inApp_fwpng.fw_.png","width":474,"height":52,"caption":"Ebrar Bilgi Teknolojileri Ltd."},"image":{"@id":"https:\/\/ebrarteknoloji.com\/#\/schema\/logo\/image\/"}}]}},"jetpack_sharing_enabled":true,"_links":{"self":[{"href":"https:\/\/ebrarteknoloji.com\/index.php\/wp-json\/wp\/v2\/product\/2650","targetHints":{"allow":["GET"]}}],"collection":[{"href":"https:\/\/ebrarteknoloji.com\/index.php\/wp-json\/wp\/v2\/product"}],"about":[{"href":"https:\/\/ebrarteknoloji.com\/index.php\/wp-json\/wp\/v2\/types\/product"}],"replies":[{"embeddable":true,"href":"https:\/\/ebrarteknoloji.com\/index.php\/wp-json\/wp\/v2\/comments?post=2650"}],"wp:featuredmedia":[{"embeddable":true,"href":"https:\/\/ebrarteknoloji.com\/index.php\/wp-json\/wp\/v2\/media\/2651"}],"wp:attachment":[{"href":"https:\/\/ebrarteknoloji.com\/index.php\/wp-json\/wp\/v2\/media?parent=2650"}],"wp:term":[{"taxonomy":"product_brand","embeddable":true,"href":"https:\/\/ebrarteknoloji.com\/index.php\/wp-json\/wp\/v2\/product_brand?post=2650"},{"taxonomy":"product_cat","embeddable":true,"href":"https:\/\/ebrarteknoloji.com\/index.php\/wp-json\/wp\/v2\/product_cat?post=2650"},{"taxonomy":"product_tag","embeddable":true,"href":"https:\/\/ebrarteknoloji.com\/index.php\/wp-json\/wp\/v2\/product_tag?post=2650"}],"curies":[{"name":"wp","href":"https:\/\/api.w.org\/{rel}","templated":true}]}}